{"id":789,"date":"2023-09-12T08:14:28","date_gmt":"2023-09-12T06:14:28","guid":{"rendered":"https:\/\/balandraestudio.com\/interiorismo\/"},"modified":"2025-05-06T01:37:07","modified_gmt":"2025-05-05T23:37:07","slug":"interiorismo","status":"publish","type":"page","link":"https:\/\/balandraestudio.com\/gl\/interiorismo\/","title":{"rendered":"Interiorismo"},"content":{"rendered":"<p>[et_pb_section fb_built=&#8221;1&#8243; admin_label=&#8221;Header secci\u00f3n interior&#8221; module_class=&#8221;ds-vertical-align&#8221; _builder_version=&#8221;4.22.1&#8243; _module_preset=&#8221;default&#8221; background_image=&#8221;https:\/\/balandraestudio.com\/wp-content\/uploads\/2023\/09\/header-background.jpg&#8221; height=&#8221;400px&#8221; custom_margin=&#8221;-89px||||false|false&#8221; custom_margin_tablet=&#8221;0px||||false|false&#8221; custom_margin_phone=&#8221;0px||||false|false&#8221; custom_margin_last_edited=&#8221;on|phone&#8221; saved_tabs=&#8221;all&#8221; global_colors_info=&#8221;{}&#8221;][et_pb_row _builder_version=&#8221;4.22.1&#8243; _module_preset=&#8221;default&#8221; global_colors_info=&#8221;{}&#8221;][et_pb_column type=&#8221;4_4&#8243; _builder_version=&#8221;4.22.1&#8243; _module_preset=&#8221;default&#8221; global_colors_info=&#8221;{}&#8221;][\/et_pb_column][\/et_pb_row][\/et_pb_section][et_pb_section fb_built=&#8221;1&#8243; custom_padding_last_edited=&#8221;on|phone&#8221; admin_label=&#8221;Frase&#8221; _builder_version=&#8221;4.22.1&#8243; _module_preset=&#8221;default&#8221; custom_padding=&#8221;50px||0px||false|false&#8221; custom_padding_tablet=&#8221;50px||50px||true|false&#8221; custom_padding_phone=&#8221;20px||0px||false|false&#8221; global_colors_info=&#8221;{}&#8221;][et_pb_row _builder_version=&#8221;4.22.1&#8243; _module_preset=&#8221;default&#8221; max_width=&#8221;1200px&#8221; global_colors_info=&#8221;{}&#8221;][et_pb_column type=&#8221;4_4&#8243; _builder_version=&#8221;4.22.1&#8243; _module_preset=&#8221;default&#8221; global_colors_info=&#8221;{}&#8221;][et_pb_text _builder_version=&#8221;4.27.4&#8243; _module_preset=&#8221;default&#8221; text_line_height=&#8221;1.2em&#8221; hover_enabled=&#8221;0&#8243; global_colors_info=&#8221;{}&#8221; sticky_enabled=&#8221;0&#8243;]<\/p>\n<h4>interiorismo<\/h4>\n<h2>DOM\u00c9STICO<\/h2>\n<h6><strong>\u201cS\u00e9 sincerx. A natureza s\u00f3 se pon ao car\u00f3n da verdade\u201d (Adolf Loos)<\/strong><\/h6>\n<p>Constru\u00edmos fogares \u201cboa vibra\u201d. O acubillo ao que sempre queres volver. E para conseguilo \u00e9 imprescindible co\u00f1ecerte ben. O noso labor consiste en traducir a t\u00faa personalidade e o teu d\u00eda a d\u00eda \u00e1 lei do espello. Canto m\u00e1is nos contes, mellor te retrataremos. Asegur\u00e1mosche que sempre sair\u00e1s guapx!<\/p>\n<p>[\/et_pb_text][\/et_pb_column][\/et_pb_row][\/et_pb_section][et_pb_section fb_built=&#8221;1&#8243; custom_padding_last_edited=&#8221;on|desktop&#8221; disabled_on=&#8221;on|on|on&#8221; _builder_version=&#8221;4.22.1&#8243; _module_preset=&#8221;default&#8221; custom_padding=&#8221;0px||0px||true|false&#8221; custom_padding_tablet=&#8221;&#8221; custom_padding_phone=&#8221;0px||0px||true|false&#8221; disabled=&#8221;on&#8221; global_colors_info=&#8221;{}&#8221;][et_pb_row _builder_version=&#8221;4.22.1&#8243; _module_preset=&#8221;default&#8221; global_colors_info=&#8221;{}&#8221;][et_pb_column type=&#8221;4_4&#8243; _builder_version=&#8221;4.22.1&#8243; _module_preset=&#8221;default&#8221; global_colors_info=&#8221;{}&#8221;][et_pb_portfolio fullwidth=&#8221;off&#8221; posts_number=&#8221;20&#8243; include_categories=&#8221;27&#8243; show_categories=&#8221;off&#8221; zoom_icon_color=&#8221;#FFFFFF&#8221; hover_overlay_color=&#8221;rgba(0,0,0,0.62)&#8221; hover_icon=&#8221;&#x4c;||divi||400&#8243; _builder_version=&#8221;4.22.1&#8243; _module_preset=&#8221;default&#8221; title_font=&#8221;|||on|||||&#8221; title_text_align=&#8221;center&#8221; title_font_size=&#8221;16px&#8221; title_line_height=&#8221;1.2em&#8221; custom_css_portfolio_image=&#8221;margin-bottom:20px;&#8221; global_colors_info=&#8221;{}&#8221;][\/et_pb_portfolio][\/et_pb_column][\/et_pb_row][\/et_pb_section][et_pb_section fb_built=&#8221;1&#8243; custom_padding_last_edited=&#8221;on|phone&#8221; admin_label=&#8221;Frase&#8221; _builder_version=&#8221;4.22.1&#8243; _module_preset=&#8221;default&#8221; custom_padding=&#8221;||||false|false&#8221; custom_padding_tablet=&#8221;||||true|false&#8221; custom_padding_phone=&#8221;0px||0px||false|false&#8221; global_colors_info=&#8221;{}&#8221;][et_pb_row _builder_version=&#8221;4.22.1&#8243; _module_preset=&#8221;default&#8221; max_width=&#8221;1200px&#8221; global_colors_info=&#8221;{}&#8221;][et_pb_column type=&#8221;4_4&#8243; _builder_version=&#8221;4.22.1&#8243; _module_preset=&#8221;default&#8221; global_colors_info=&#8221;{}&#8221;][et_pb_text _builder_version=&#8221;4.27.4&#8243; _module_preset=&#8221;default&#8221; text_line_height=&#8221;1.2em&#8221; hover_enabled=&#8221;0&#8243; global_colors_info=&#8221;{}&#8221; sticky_enabled=&#8221;0&#8243;]<\/p>\n<h4>interiorismo<\/h4>\n<h2>SENSACIONAL<\/h2>\n<h6><em><strong>\u201cTodo gran dese\u00f1o empeza cunha historia a\u00ednda mellor&#8221; (Lorinda Mamo)<\/strong><\/em><\/h6>\n<p>Axud\u00e1mosche a contar a t\u00faa historia a trav\u00e9s da t\u00faa marca, onde os teus clientes ser\u00e1n parte activa da experiencia. Co noso m\u00e9todo de branding sensacional dotamos de coherencia o teu proxecto, desde o naming ata o espazo f\u00edsico, para que a t\u00faa identidade chegue a ser un negocio de valor e perdurable.<\/p>\n<p>[\/et_pb_text][\/et_pb_column][\/et_pb_row][\/et_pb_section][et_pb_section fb_built=&#8221;1&#8243; custom_padding_last_edited=&#8221;on|phone&#8221; _builder_version=&#8221;4.27.4&#8243; _module_preset=&#8221;default&#8221; custom_padding_tablet=&#8221;&#8221; custom_padding_phone=&#8221;0px||0px||false|false&#8221; global_colors_info=&#8221;{}&#8221;][et_pb_row _builder_version=&#8221;4.22.1&#8243; _module_preset=&#8221;default&#8221; global_colors_info=&#8221;{}&#8221;][et_pb_column type=&#8221;4_4&#8243; _builder_version=&#8221;4.22.1&#8243; _module_preset=&#8221;default&#8221; global_colors_info=&#8221;{}&#8221;][et_pb_portfolio fullwidth=&#8221;off&#8221; posts_number=&#8221;20&#8243; include_categories=&#8221;28&#8243; show_categories=&#8221;off&#8221; zoom_icon_color=&#8221;#FFFFFF&#8221; hover_overlay_color=&#8221;rgba(0,0,0,0.62)&#8221; hover_icon=&#8221;&#x4c;||divi||400&#8243; _builder_version=&#8221;4.22.1&#8243; _module_preset=&#8221;default&#8221; title_font=&#8221;|||on|||||&#8221; title_text_align=&#8221;center&#8221; title_font_size=&#8221;16px&#8221; title_line_height=&#8221;1.2em&#8221; custom_css_portfolio_image=&#8221;margin-bottom:20px;&#8221; global_colors_info=&#8221;{}&#8221;][\/et_pb_portfolio][\/et_pb_column][\/et_pb_row][\/et_pb_section]<\/p>\n","protected":false},"excerpt":{"rendered":"<p>interiorismo DOM\u00c9STICO \u201cS\u00e9 sincerx. A natureza s\u00f3 se pon ao car\u00f3n da verdade\u201d (Adolf Loos) Constru\u00edmos fogares \u201cboa vibra\u201d. O acubillo ao que sempre queres volver. E para conseguilo \u00e9 imprescindible co\u00f1ecerte ben. O noso labor consiste en traducir a t\u00faa personalidade e o teu d\u00eda a d\u00eda \u00e1 lei do espello. Canto m\u00e1is nos [&hellip;]<\/p>\n","protected":false},"author":4,"featured_media":0,"parent":0,"menu_order":0,"comment_status":"closed","ping_status":"closed","template":"","meta":{"_et_pb_use_builder":"on","_et_pb_old_content":"","_et_gb_content_width":"","footnotes":""},"class_list":["post-789","page","type-page","status-publish","hentry"],"yoast_head":"<!-- This site is optimized with the Yoast SEO plugin v27.3 - https:\/\/yoast.com\/product\/yoast-seo-wordpress\/ -->\n<title>Interiorismo - balandra<\/title>\n<meta name=\"robots\" content=\"index, follow, max-snippet:-1, max-image-preview:large, max-video-preview:-1\" \/>\n<link rel=\"canonical\" href=\"https:\/\/balandraestudio.com\/gl\/interiorismo\/\" \/>\n<meta property=\"og:locale\" content=\"gl_ES\" \/>\n<meta property=\"og:type\" content=\"article\" \/>\n<meta property=\"og:title\" content=\"Interiorismo - balandra\" \/>\n<meta property=\"og:description\" content=\"interiorismo DOM\u00c9STICO \u201cS\u00e9 sincerx. A natureza s\u00f3 se pon ao car\u00f3n da verdade\u201d (Adolf Loos) Constru\u00edmos fogares \u201cboa vibra\u201d. O acubillo ao que sempre queres volver. E para conseguilo \u00e9 imprescindible co\u00f1ecerte ben. O noso labor consiste en traducir a t\u00faa personalidade e o teu d\u00eda a d\u00eda \u00e1 lei do espello. Canto m\u00e1is nos [&hellip;]\" \/>\n<meta property=\"og:url\" content=\"https:\/\/balandraestudio.com\/gl\/interiorismo\/\" \/>\n<meta property=\"og:site_name\" content=\"balandra\" \/>\n<meta property=\"article:modified_time\" content=\"2025-05-05T23:37:07+00:00\" \/>\n<meta name=\"twitter:card\" content=\"summary_large_image\" \/>\n<meta name=\"twitter:label1\" content=\"Tempo de lectura\" \/>\n\t<meta name=\"twitter:data1\" content=\"2 minutos\" \/>\n<script type=\"application\/ld+json\" class=\"yoast-schema-graph\">{\"@context\":\"https:\\\/\\\/schema.org\",\"@graph\":[{\"@type\":\"WebPage\",\"@id\":\"https:\\\/\\\/balandraestudio.com\\\/gl\\\/interiorismo\\\/\",\"url\":\"https:\\\/\\\/balandraestudio.com\\\/gl\\\/interiorismo\\\/\",\"name\":\"Interiorismo - balandra\",\"isPartOf\":{\"@id\":\"https:\\\/\\\/balandraestudio.com\\\/gl\\\/#website\"},\"datePublished\":\"2023-09-12T06:14:28+00:00\",\"dateModified\":\"2025-05-05T23:37:07+00:00\",\"breadcrumb\":{\"@id\":\"https:\\\/\\\/balandraestudio.com\\\/gl\\\/interiorismo\\\/#breadcrumb\"},\"inLanguage\":\"gl-ES\",\"potentialAction\":[{\"@type\":\"ReadAction\",\"target\":[\"https:\\\/\\\/balandraestudio.com\\\/gl\\\/interiorismo\\\/\"]}]},{\"@type\":\"BreadcrumbList\",\"@id\":\"https:\\\/\\\/balandraestudio.com\\\/gl\\\/interiorismo\\\/#breadcrumb\",\"itemListElement\":[{\"@type\":\"ListItem\",\"position\":1,\"name\":\"Portada\",\"item\":\"https:\\\/\\\/balandraestudio.com\\\/gl\\\/\"},{\"@type\":\"ListItem\",\"position\":2,\"name\":\"Interiorismo\"}]},{\"@type\":\"WebSite\",\"@id\":\"https:\\\/\\\/balandraestudio.com\\\/gl\\\/#website\",\"url\":\"https:\\\/\\\/balandraestudio.com\\\/gl\\\/\",\"name\":\"balandra\",\"description\":\"dise\u00f1o valiente\",\"potentialAction\":[{\"@type\":\"SearchAction\",\"target\":{\"@type\":\"EntryPoint\",\"urlTemplate\":\"https:\\\/\\\/balandraestudio.com\\\/gl\\\/?s={search_term_string}\"},\"query-input\":{\"@type\":\"PropertyValueSpecification\",\"valueRequired\":true,\"valueName\":\"search_term_string\"}}],\"inLanguage\":\"gl-ES\"}]}<\/script>\n<!-- \/ Yoast SEO plugin. -->","yoast_head_json":{"title":"Interiorismo - balandra","robots":{"index":"index","follow":"follow","max-snippet":"max-snippet:-1","max-image-preview":"max-image-preview:large","max-video-preview":"max-video-preview:-1"},"canonical":"https:\/\/balandraestudio.com\/gl\/interiorismo\/","og_locale":"gl_ES","og_type":"article","og_title":"Interiorismo - balandra","og_description":"interiorismo DOM\u00c9STICO \u201cS\u00e9 sincerx. A natureza s\u00f3 se pon ao car\u00f3n da verdade\u201d (Adolf Loos) Constru\u00edmos fogares \u201cboa vibra\u201d. O acubillo ao que sempre queres volver. E para conseguilo \u00e9 imprescindible co\u00f1ecerte ben. O noso labor consiste en traducir a t\u00faa personalidade e o teu d\u00eda a d\u00eda \u00e1 lei do espello. Canto m\u00e1is nos [&hellip;]","og_url":"https:\/\/balandraestudio.com\/gl\/interiorismo\/","og_site_name":"balandra","article_modified_time":"2025-05-05T23:37:07+00:00","twitter_card":"summary_large_image","twitter_misc":{"Tempo de lectura":"2 minutos"},"schema":{"@context":"https:\/\/schema.org","@graph":[{"@type":"WebPage","@id":"https:\/\/balandraestudio.com\/gl\/interiorismo\/","url":"https:\/\/balandraestudio.com\/gl\/interiorismo\/","name":"Interiorismo - balandra","isPartOf":{"@id":"https:\/\/balandraestudio.com\/gl\/#website"},"datePublished":"2023-09-12T06:14:28+00:00","dateModified":"2025-05-05T23:37:07+00:00","breadcrumb":{"@id":"https:\/\/balandraestudio.com\/gl\/interiorismo\/#breadcrumb"},"inLanguage":"gl-ES","potentialAction":[{"@type":"ReadAction","target":["https:\/\/balandraestudio.com\/gl\/interiorismo\/"]}]},{"@type":"BreadcrumbList","@id":"https:\/\/balandraestudio.com\/gl\/interiorismo\/#breadcrumb","itemListElement":[{"@type":"ListItem","position":1,"name":"Portada","item":"https:\/\/balandraestudio.com\/gl\/"},{"@type":"ListItem","position":2,"name":"Interiorismo"}]},{"@type":"WebSite","@id":"https:\/\/balandraestudio.com\/gl\/#website","url":"https:\/\/balandraestudio.com\/gl\/","name":"balandra","description":"dise\u00f1o valiente","potentialAction":[{"@type":"SearchAction","target":{"@type":"EntryPoint","urlTemplate":"https:\/\/balandraestudio.com\/gl\/?s={search_term_string}"},"query-input":{"@type":"PropertyValueSpecification","valueRequired":true,"valueName":"search_term_string"}}],"inLanguage":"gl-ES"}]}},"_links":{"self":[{"href":"https:\/\/balandraestudio.com\/gl\/wp-json\/wp\/v2\/pages\/789","targetHints":{"allow":["GET"]}}],"collection":[{"href":"https:\/\/balandraestudio.com\/gl\/wp-json\/wp\/v2\/pages"}],"about":[{"href":"https:\/\/balandraestudio.com\/gl\/wp-json\/wp\/v2\/types\/page"}],"author":[{"embeddable":true,"href":"https:\/\/balandraestudio.com\/gl\/wp-json\/wp\/v2\/users\/4"}],"replies":[{"embeddable":true,"href":"https:\/\/balandraestudio.com\/gl\/wp-json\/wp\/v2\/comments?post=789"}],"version-history":[{"count":2,"href":"https:\/\/balandraestudio.com\/gl\/wp-json\/wp\/v2\/pages\/789\/revisions"}],"predecessor-version":[{"id":1484,"href":"https:\/\/balandraestudio.com\/gl\/wp-json\/wp\/v2\/pages\/789\/revisions\/1484"}],"wp:attachment":[{"href":"https:\/\/balandraestudio.com\/gl\/wp-json\/wp\/v2\/media?parent=789"}],"curies":[{"name":"wp","href":"https:\/\/api.w.org\/{rel}","templated":true}]}}