{"id":777,"date":"2023-09-13T18:23:46","date_gmt":"2023-09-13T16:23:46","guid":{"rendered":"https:\/\/balandraestudio.com\/museografia\/"},"modified":"2025-05-06T01:35:52","modified_gmt":"2025-05-05T23:35:52","slug":"museografia","status":"publish","type":"page","link":"https:\/\/balandraestudio.com\/gl\/museografia\/","title":{"rendered":"Museograf\u00eda"},"content":{"rendered":"<p>[et_pb_section fb_built=&#8221;1&#8243; admin_label=&#8221;Header secci\u00f3n interior&#8221; module_class=&#8221;ds-vertical-align&#8221; _builder_version=&#8221;4.22.1&#8243; _module_preset=&#8221;default&#8221; background_image=&#8221;https:\/\/balandraestudio.com\/wp-content\/uploads\/2023\/09\/header-background.jpg&#8221; height=&#8221;400px&#8221; custom_margin=&#8221;-89px||||false|false&#8221; custom_margin_tablet=&#8221;0px||||false|false&#8221; custom_margin_phone=&#8221;0px||||false|false&#8221; custom_margin_last_edited=&#8221;on|phone&#8221; saved_tabs=&#8221;all&#8221; global_colors_info=&#8221;{}&#8221;][et_pb_row _builder_version=&#8221;4.22.1&#8243; _module_preset=&#8221;default&#8221; global_colors_info=&#8221;{}&#8221;][et_pb_column type=&#8221;4_4&#8243; _builder_version=&#8221;4.22.1&#8243; _module_preset=&#8221;default&#8221; global_colors_info=&#8221;{}&#8221;][\/et_pb_column][\/et_pb_row][\/et_pb_section][et_pb_section fb_built=&#8221;1&#8243; custom_padding_last_edited=&#8221;on|desktop&#8221; admin_label=&#8221;Frase&#8221; _builder_version=&#8221;4.22.1&#8243; _module_preset=&#8221;default&#8221; width_tablet=&#8221;&#8221; width_phone=&#8221;&#8221; width_last_edited=&#8221;on|phone&#8221; custom_padding=&#8221;50px||50px||false|false&#8221; custom_padding_tablet=&#8221;10px||10px||true|false&#8221; custom_padding_phone=&#8221;10px||10px||true|false&#8221; global_colors_info=&#8221;{}&#8221;][et_pb_row _builder_version=&#8221;4.22.1&#8243; _module_preset=&#8221;default&#8221; max_width=&#8221;1200px&#8221; global_colors_info=&#8221;{}&#8221;][et_pb_column type=&#8221;4_4&#8243; _builder_version=&#8221;4.22.1&#8243; _module_preset=&#8221;default&#8221; global_colors_info=&#8221;{}&#8221;][et_pb_text _builder_version=&#8221;4.27.4&#8243; _module_preset=&#8221;default&#8221; text_line_height=&#8221;1.2em&#8221; hover_enabled=&#8221;0&#8243; global_colors_info=&#8221;{}&#8221; sticky_enabled=&#8221;0&#8243;]<\/p>\n<h4>museograf\u00eda<\/h4>\n<h2><\/h2>\n<h6><strong>\u201cCulture? It\u2019s a good laugh\u201d (Paul McCartney)<\/strong><\/h6>\n<p>Tom\u00e1monos moi en serio a cultura, pero a vida \u00e9 demasiado curta para aburrirse aprendendo. Queremos que as t\u00faas exposici\u00f3ns sexan como caramelos na porta dun cole.<\/p>\n<p>Co noso servizo integral de espazos experienciais, acompa\u00f1\u00e1moste no proceso creativo desde o concepto ata a produci\u00f3n final. Desde a investigaci\u00f3n e curaci\u00f3n de contidos ata a gr\u00e1fica e mobiliario expositivos e a xesti\u00f3n da montaxe.<\/p>\n<p>Ademais da axeitada exhibici\u00f3n e conservaci\u00f3n de pezas, preoc\u00fapanos a sustentabilidade, a inclusi\u00f3n e a accesibilidade. Por iso, seguindo o ronsel da nova definici\u00f3n de museo (ICOM, 2022), dese\u00f1amos espazos respectuosos e desenvolvemos recursos did\u00e1cticos adaptados a t\u00f3dalas necesidades para percorrer experiencias memorables.<\/p>\n<p>[\/et_pb_text][\/et_pb_column][\/et_pb_row][\/et_pb_section][et_pb_section fb_built=&#8221;1&#8243; custom_padding_last_edited=&#8221;on|phone&#8221; disabled_on=&#8221;on|on|on&#8221; _builder_version=&#8221;4.22.1&#8243; _module_preset=&#8221;default&#8221; custom_padding_tablet=&#8221;&#8221; custom_padding_phone=&#8221;0px||0px||true|false&#8221; disabled=&#8221;on&#8221; global_colors_info=&#8221;{}&#8221;][et_pb_row _builder_version=&#8221;4.22.1&#8243; _module_preset=&#8221;default&#8221; global_colors_info=&#8221;{}&#8221;][et_pb_column type=&#8221;4_4&#8243; _builder_version=&#8221;4.22.1&#8243; _module_preset=&#8221;default&#8221; global_colors_info=&#8221;{}&#8221;][et_pb_portfolio fullwidth=&#8221;off&#8221; posts_number=&#8221;20&#8243; include_categories=&#8221;29&#8243; show_categories=&#8221;off&#8221; zoom_icon_color=&#8221;#FFFFFF&#8221; hover_overlay_color=&#8221;rgba(0,0,0,0.62)&#8221; hover_icon=&#8221;&#x4c;||divi||400&#8243; _builder_version=&#8221;4.22.1&#8243; _module_preset=&#8221;default&#8221; title_font=&#8221;|||on|||||&#8221; title_text_align=&#8221;center&#8221; title_font_size=&#8221;16px&#8221; title_line_height=&#8221;1.2em&#8221; custom_css_portfolio_image=&#8221;margin-bottom:20px;&#8221; global_colors_info=&#8221;{}&#8221;][\/et_pb_portfolio][\/et_pb_column][\/et_pb_row][\/et_pb_section]<\/p>\n","protected":false},"excerpt":{"rendered":"<p>museograf\u00eda \u201cCulture? It\u2019s a good laugh\u201d (Paul McCartney) Tom\u00e1monos moi en serio a cultura, pero a vida \u00e9 demasiado curta para aburrirse aprendendo. Queremos que as t\u00faas exposici\u00f3ns sexan como caramelos na porta dun cole. Co noso servizo integral de espazos experienciais, acompa\u00f1\u00e1moste no proceso creativo desde o concepto ata a produci\u00f3n final. Desde a [&hellip;]<\/p>\n","protected":false},"author":4,"featured_media":0,"parent":0,"menu_order":0,"comment_status":"closed","ping_status":"closed","template":"","meta":{"_et_pb_use_builder":"on","_et_pb_old_content":"","_et_gb_content_width":"","footnotes":""},"class_list":["post-777","page","type-page","status-publish","hentry"],"yoast_head":"<!-- This site is optimized with the Yoast SEO plugin v27.3 - https:\/\/yoast.com\/product\/yoast-seo-wordpress\/ -->\n<title>Museograf\u00eda - balandra<\/title>\n<meta name=\"robots\" content=\"index, follow, max-snippet:-1, max-image-preview:large, max-video-preview:-1\" \/>\n<link rel=\"canonical\" href=\"https:\/\/balandraestudio.com\/gl\/museografia\/\" \/>\n<meta property=\"og:locale\" content=\"gl_ES\" \/>\n<meta property=\"og:type\" content=\"article\" \/>\n<meta property=\"og:title\" content=\"Museograf\u00eda - balandra\" \/>\n<meta property=\"og:description\" content=\"museograf\u00eda \u201cCulture? It\u2019s a good laugh\u201d (Paul McCartney) Tom\u00e1monos moi en serio a cultura, pero a vida \u00e9 demasiado curta para aburrirse aprendendo. Queremos que as t\u00faas exposici\u00f3ns sexan como caramelos na porta dun cole. Co noso servizo integral de espazos experienciais, acompa\u00f1\u00e1moste no proceso creativo desde o concepto ata a produci\u00f3n final. Desde a [&hellip;]\" \/>\n<meta property=\"og:url\" content=\"https:\/\/balandraestudio.com\/gl\/museografia\/\" \/>\n<meta property=\"og:site_name\" content=\"balandra\" \/>\n<meta property=\"article:modified_time\" content=\"2025-05-05T23:35:52+00:00\" \/>\n<meta name=\"twitter:card\" content=\"summary_large_image\" \/>\n<meta name=\"twitter:label1\" content=\"Tempo de lectura\" \/>\n\t<meta name=\"twitter:data1\" content=\"1 minuto\" \/>\n<script type=\"application\/ld+json\" class=\"yoast-schema-graph\">{\"@context\":\"https:\\\/\\\/schema.org\",\"@graph\":[{\"@type\":\"WebPage\",\"@id\":\"https:\\\/\\\/balandraestudio.com\\\/gl\\\/museografia\\\/\",\"url\":\"https:\\\/\\\/balandraestudio.com\\\/gl\\\/museografia\\\/\",\"name\":\"Museograf\u00eda - balandra\",\"isPartOf\":{\"@id\":\"https:\\\/\\\/balandraestudio.com\\\/gl\\\/#website\"},\"datePublished\":\"2023-09-13T16:23:46+00:00\",\"dateModified\":\"2025-05-05T23:35:52+00:00\",\"breadcrumb\":{\"@id\":\"https:\\\/\\\/balandraestudio.com\\\/gl\\\/museografia\\\/#breadcrumb\"},\"inLanguage\":\"gl-ES\",\"potentialAction\":[{\"@type\":\"ReadAction\",\"target\":[\"https:\\\/\\\/balandraestudio.com\\\/gl\\\/museografia\\\/\"]}]},{\"@type\":\"BreadcrumbList\",\"@id\":\"https:\\\/\\\/balandraestudio.com\\\/gl\\\/museografia\\\/#breadcrumb\",\"itemListElement\":[{\"@type\":\"ListItem\",\"position\":1,\"name\":\"Portada\",\"item\":\"https:\\\/\\\/balandraestudio.com\\\/gl\\\/\"},{\"@type\":\"ListItem\",\"position\":2,\"name\":\"Museograf\u00eda\"}]},{\"@type\":\"WebSite\",\"@id\":\"https:\\\/\\\/balandraestudio.com\\\/gl\\\/#website\",\"url\":\"https:\\\/\\\/balandraestudio.com\\\/gl\\\/\",\"name\":\"balandra\",\"description\":\"dise\u00f1o valiente\",\"potentialAction\":[{\"@type\":\"SearchAction\",\"target\":{\"@type\":\"EntryPoint\",\"urlTemplate\":\"https:\\\/\\\/balandraestudio.com\\\/gl\\\/?s={search_term_string}\"},\"query-input\":{\"@type\":\"PropertyValueSpecification\",\"valueRequired\":true,\"valueName\":\"search_term_string\"}}],\"inLanguage\":\"gl-ES\"}]}<\/script>\n<!-- \/ Yoast SEO plugin. -->","yoast_head_json":{"title":"Museograf\u00eda - balandra","robots":{"index":"index","follow":"follow","max-snippet":"max-snippet:-1","max-image-preview":"max-image-preview:large","max-video-preview":"max-video-preview:-1"},"canonical":"https:\/\/balandraestudio.com\/gl\/museografia\/","og_locale":"gl_ES","og_type":"article","og_title":"Museograf\u00eda - balandra","og_description":"museograf\u00eda \u201cCulture? It\u2019s a good laugh\u201d (Paul McCartney) Tom\u00e1monos moi en serio a cultura, pero a vida \u00e9 demasiado curta para aburrirse aprendendo. Queremos que as t\u00faas exposici\u00f3ns sexan como caramelos na porta dun cole. Co noso servizo integral de espazos experienciais, acompa\u00f1\u00e1moste no proceso creativo desde o concepto ata a produci\u00f3n final. Desde a [&hellip;]","og_url":"https:\/\/balandraestudio.com\/gl\/museografia\/","og_site_name":"balandra","article_modified_time":"2025-05-05T23:35:52+00:00","twitter_card":"summary_large_image","twitter_misc":{"Tempo de lectura":"1 minuto"},"schema":{"@context":"https:\/\/schema.org","@graph":[{"@type":"WebPage","@id":"https:\/\/balandraestudio.com\/gl\/museografia\/","url":"https:\/\/balandraestudio.com\/gl\/museografia\/","name":"Museograf\u00eda - balandra","isPartOf":{"@id":"https:\/\/balandraestudio.com\/gl\/#website"},"datePublished":"2023-09-13T16:23:46+00:00","dateModified":"2025-05-05T23:35:52+00:00","breadcrumb":{"@id":"https:\/\/balandraestudio.com\/gl\/museografia\/#breadcrumb"},"inLanguage":"gl-ES","potentialAction":[{"@type":"ReadAction","target":["https:\/\/balandraestudio.com\/gl\/museografia\/"]}]},{"@type":"BreadcrumbList","@id":"https:\/\/balandraestudio.com\/gl\/museografia\/#breadcrumb","itemListElement":[{"@type":"ListItem","position":1,"name":"Portada","item":"https:\/\/balandraestudio.com\/gl\/"},{"@type":"ListItem","position":2,"name":"Museograf\u00eda"}]},{"@type":"WebSite","@id":"https:\/\/balandraestudio.com\/gl\/#website","url":"https:\/\/balandraestudio.com\/gl\/","name":"balandra","description":"dise\u00f1o valiente","potentialAction":[{"@type":"SearchAction","target":{"@type":"EntryPoint","urlTemplate":"https:\/\/balandraestudio.com\/gl\/?s={search_term_string}"},"query-input":{"@type":"PropertyValueSpecification","valueRequired":true,"valueName":"search_term_string"}}],"inLanguage":"gl-ES"}]}},"_links":{"self":[{"href":"https:\/\/balandraestudio.com\/gl\/wp-json\/wp\/v2\/pages\/777","targetHints":{"allow":["GET"]}}],"collection":[{"href":"https:\/\/balandraestudio.com\/gl\/wp-json\/wp\/v2\/pages"}],"about":[{"href":"https:\/\/balandraestudio.com\/gl\/wp-json\/wp\/v2\/types\/page"}],"author":[{"embeddable":true,"href":"https:\/\/balandraestudio.com\/gl\/wp-json\/wp\/v2\/users\/4"}],"replies":[{"embeddable":true,"href":"https:\/\/balandraestudio.com\/gl\/wp-json\/wp\/v2\/comments?post=777"}],"version-history":[{"count":1,"href":"https:\/\/balandraestudio.com\/gl\/wp-json\/wp\/v2\/pages\/777\/revisions"}],"predecessor-version":[{"id":1483,"href":"https:\/\/balandraestudio.com\/gl\/wp-json\/wp\/v2\/pages\/777\/revisions\/1483"}],"wp:attachment":[{"href":"https:\/\/balandraestudio.com\/gl\/wp-json\/wp\/v2\/media?parent=777"}],"curies":[{"name":"wp","href":"https:\/\/api.w.org\/{rel}","templated":true}]}}