{"id":769,"date":"2023-09-12T08:08:26","date_gmt":"2023-09-12T06:08:26","guid":{"rendered":"https:\/\/balandraestudio.com\/sobre-nosotras\/"},"modified":"2025-05-06T01:35:00","modified_gmt":"2025-05-05T23:35:00","slug":"sobre-nos","status":"publish","type":"page","link":"https:\/\/balandraestudio.com\/gl\/sobre-nos\/","title":{"rendered":"Sobre n\u00f3s"},"content":{"rendered":"<p>[et_pb_section fb_built=&#8221;1&#8243; admin_label=&#8221;Header secci\u00f3n interior&#8221; module_class=&#8221;ds-vertical-align&#8221; _builder_version=&#8221;4.22.1&#8243; _module_preset=&#8221;default&#8221; background_image=&#8221;https:\/\/balandraestudio.com\/wp-content\/uploads\/2023\/09\/header-background.jpg&#8221; height=&#8221;400px&#8221; custom_margin=&#8221;-89px||||false|false&#8221; custom_margin_tablet=&#8221;0px||||false|false&#8221; custom_margin_phone=&#8221;0px||||false|false&#8221; custom_margin_last_edited=&#8221;on|phone&#8221; saved_tabs=&#8221;all&#8221; global_colors_info=&#8221;{}&#8221;][et_pb_row _builder_version=&#8221;4.22.1&#8243; _module_preset=&#8221;default&#8221; global_colors_info=&#8221;{}&#8221;][et_pb_column type=&#8221;4_4&#8243; _builder_version=&#8221;4.22.1&#8243; _module_preset=&#8221;default&#8221; global_colors_info=&#8221;{}&#8221;][\/et_pb_column][\/et_pb_row][\/et_pb_section][et_pb_section fb_built=&#8221;1&#8243; custom_padding_last_edited=&#8221;on|desktop&#8221; admin_label=&#8221;Qu\u00e9 es balandra?&#8221; _builder_version=&#8221;4.22.1&#8243; _module_preset=&#8221;default&#8221; custom_padding=&#8221;100px||100px||true|false&#8221; custom_padding_tablet=&#8221;50px||50px||true|false&#8221; custom_padding_phone=&#8221;0px||0px||true|false&#8221; global_colors_info=&#8221;{}&#8221;][et_pb_row column_structure=&#8221;1_5,3_5,1_5&#8243; _builder_version=&#8221;4.22.1&#8243; _module_preset=&#8221;default&#8221; width_tablet=&#8221;&#8221; width_phone=&#8221;90%&#8221; width_last_edited=&#8221;on|phone&#8221; global_colors_info=&#8221;{}&#8221;][et_pb_column type=&#8221;1_5&#8243; _builder_version=&#8221;4.22.1&#8243; _module_preset=&#8221;default&#8221; global_colors_info=&#8221;{}&#8221;][\/et_pb_column][et_pb_column type=&#8221;3_5&#8243; _builder_version=&#8221;4.22.1&#8243; _module_preset=&#8221;default&#8221; global_colors_info=&#8221;{}&#8221;][et_pb_text _builder_version=&#8221;4.27.4&#8243; _module_preset=&#8221;default&#8221; hover_enabled=&#8221;0&#8243; global_colors_info=&#8221;{}&#8221; text_line_height=&#8221;1.2em&#8221; sticky_enabled=&#8221;0&#8243;]<\/p>\n<h2>Que \u00e9 Balandra?<\/h2>\n<p>Latexamos en 6\/8. Galicia \u00e9 o noso term\u00f3metro e a nosa despensa. A\u00ednda que miremos en todas direcci\u00f3ns, g\u00fastanos buscar baixo os nosos p\u00e9s para achar respostas. Amamos a nosa cultura e coidamos do territorio para facer deste un pa\u00eds m\u00e1is feliz.<\/p>\n<p>Practicamos a honestidade brutal. Porque a levamos na medula e porque che queremos ben e sabemos que \u00e9 moi rendible para ti.<\/p>\n<p>Queremos que ga\u00f1en os bos. Os que tentan deixar o mundo un pouqui\u00f1o mellor do que llo atoparon. As\u00ed que nos adherimos a protocolos e metodolox\u00edas responsables e respectuosas coa contorna e connosco mesmos. Sentimos agradecidas co pasado e debedoras do futuro.<\/p>\n<p>Pensamos sen l\u00edmites. Creamos sen filtros. Navegamos cada d\u00eda en busca da ardora para poder ofrecerche sempre nosa mellor versi\u00f3n. Ser valente \u00e9 unha elecci\u00f3n, al\u00edstache na nosa balandra.<\/p>\n<p>[\/et_pb_text][\/et_pb_column][et_pb_column type=&#8221;1_5&#8243; _builder_version=&#8221;4.22.1&#8243; _module_preset=&#8221;default&#8221; global_colors_info=&#8221;{}&#8221;][\/et_pb_column][\/et_pb_row][\/et_pb_section][et_pb_section fb_built=&#8221;1&#8243; disabled_on=&#8221;on|on|on&#8221; admin_label=&#8221;Sobre nosotros&#8221; _builder_version=&#8221;4.22.1&#8243; _module_preset=&#8221;default&#8221; disabled=&#8221;on&#8221; global_colors_info=&#8221;{}&#8221;][et_pb_row column_structure=&#8221;1_2,1_2&#8243; make_equal=&#8221;on&#8221; _builder_version=&#8221;4.22.1&#8243; _module_preset=&#8221;default&#8221; width=&#8221;100%&#8221; max_width=&#8221;1920px&#8221; custom_padding=&#8221;0px||0px||true|false&#8221; border_width_top=&#8221;1px&#8221; border_color_top=&#8221;#1E1E1E&#8221; border_width_bottom=&#8221;1px&#8221; border_color_bottom=&#8221;#1E1E1E&#8221; global_colors_info=&#8221;{}&#8221;][et_pb_column type=&#8221;1_2&#8243; _builder_version=&#8221;4.22.1&#8243; _module_preset=&#8221;default&#8221; global_colors_info=&#8221;{}&#8221;][et_pb_blurb title=&#8221;Sobre n\u00f3s&#8221; module_class=&#8221;ds-vertical-align&#8221; _builder_version=&#8221;4.27.4&#8243; _module_preset=&#8221;default&#8221; body_line_height=&#8221;1.2em&#8221; height=&#8221;1080px&#8221; hover_enabled=&#8221;0&#8243; global_colors_info=&#8221;{}&#8221; sticky_enabled=&#8221;0&#8243;]<\/p>\n<h2>SOMOS BALANDRA!<\/h2>\n<p>Roc\u00edo Solla \u00e9 a alma mater do proxecto. Historiadora da arte e arquitecta de interior, nunca deixou de formarse, especializ\u00e1ndose en xesti\u00f3n cultural e direcci\u00f3n de arte.<\/p>\n<p>Leva case 20 anos traballando para diversas marcas dos sectores art\u00edstico-cultural e comercial como documentalista, muse\u00f3grafa, interiorista, dese\u00f1adora gr\u00e1fica e de identidade corporativa.<\/p>\n<p>En balandra emb\u00e1rcase cun amplo equipo de colaboradores segundo as necesidades de cada cliente.<\/p>\n<p>[\/et_pb_blurb][\/et_pb_column][et_pb_column type=&#8221;1_2&#8243; _builder_version=&#8221;4.22.1&#8243; _module_preset=&#8221;default&#8221; background_image=&#8221;https:\/\/balandraestudio.com\/wp-content\/uploads\/2023\/11\/cv-rocio-solla.jpg&#8221; border_width_left=&#8221;1px&#8221; border_color_left=&#8221;#1E1E1E&#8221; global_colors_info=&#8221;{}&#8221;][\/et_pb_column][\/et_pb_row][\/et_pb_section][et_pb_section fb_built=&#8221;1&#8243; custom_padding_last_edited=&#8221;on|phone&#8221; admin_label=&#8221;Sobre nosotros&#8221; _builder_version=&#8221;4.22.1&#8243; _module_preset=&#8221;default&#8221; custom_padding_tablet=&#8221;&#8221; custom_padding_phone=&#8221;20px||||false|false&#8221; locked=&#8221;off&#8221; global_colors_info=&#8221;{}&#8221;][et_pb_row column_structure=&#8221;1_2,1_2&#8243; make_equal=&#8221;on&#8221; custom_padding_last_edited=&#8221;on|phone&#8221; disabled_on=&#8221;on|off|off&#8221; _builder_version=&#8221;4.22.1&#8243; _module_preset=&#8221;default&#8221; width=&#8221;100%&#8221; max_width=&#8221;100%&#8221; custom_padding=&#8221;0px||0px||true|false&#8221; custom_padding_tablet=&#8221;0px||0px||true|false&#8221; custom_padding_phone=&#8221;50px||||false|false&#8221; border_width_top=&#8221;1px&#8221; border_color_top=&#8221;#1E1E1E&#8221; border_width_bottom=&#8221;1px&#8221; border_color_bottom=&#8221;#1E1E1E&#8221; global_colors_info=&#8221;{}&#8221;][et_pb_column type=&#8221;1_2&#8243; _builder_version=&#8221;4.22.1&#8243; _module_preset=&#8221;default&#8221; custom_padding_tablet=&#8221;&#8221; custom_padding_phone=&#8221;|40px||40px|false|false&#8221; custom_padding_last_edited=&#8221;on|phone&#8221; global_colors_info=&#8221;{}&#8221;][et_pb_blurb title=&#8221;Sobre n\u00f3s&#8221; module_class=&#8221;ds-vertical-align&#8221; _builder_version=&#8221;4.27.4&#8243; _module_preset=&#8221;default&#8221; body_line_height=&#8221;1.2em&#8221; height=&#8221;1080px&#8221; height_tablet=&#8221;600px&#8221; height_phone=&#8221;600px&#8221; height_last_edited=&#8221;on|phone&#8221; hover_enabled=&#8221;0&#8243; global_colors_info=&#8221;{}&#8221; sticky_enabled=&#8221;0&#8243;]<\/p>\n<h2>SOMOS BALANDRA!<\/h2>\n<p>Roc\u00edo Solla \u00e9 a alma mater do proxecto. Historiadora da arte e arquitecta de interior, nunca deixou de formarse, especializ\u00e1ndose en xesti\u00f3n cultural e direcci\u00f3n de arte.<\/p>\n<p>Leva case 20 anos traballando para diversas marcas dos sectores art\u00edstico-cultural e comercial como documentalista, muse\u00f3grafa, interiorista, dese\u00f1adora gr\u00e1fica e de identidade corporativa.<\/p>\n<p>En balandra emb\u00e1rcase cun amplo equipo de colaboradores segundo as necesidades de cada cliente.<\/p>\n<p>[\/et_pb_blurb][\/et_pb_column][et_pb_column type=&#8221;1_2&#8243; _builder_version=&#8221;4.22.1&#8243; _module_preset=&#8221;default&#8221; background_image=&#8221;https:\/\/balandraestudio.com\/wp-content\/uploads\/2023\/11\/cv-rocio-solla.jpg&#8221; border_width_left=&#8221;1px&#8221; border_color_left=&#8221;#1E1E1E&#8221; border_width_left_tablet=&#8221;0px&#8221; border_width_left_phone=&#8221;0px&#8221; border_width_left_last_edited=&#8221;on|phone&#8221; global_colors_info=&#8221;{}&#8221;][et_pb_divider show_divider=&#8221;off&#8221; _builder_version=&#8221;4.22.1&#8243; _module_preset=&#8221;default&#8221; height=&#8221;1080px&#8221; global_colors_info=&#8221;{}&#8221;][\/et_pb_divider][\/et_pb_column][\/et_pb_row][et_pb_row column_structure=&#8221;1_2,1_2&#8243; make_equal=&#8221;on&#8221; custom_padding_last_edited=&#8221;on|phone&#8221; disabled_on=&#8221;off|on|on&#8221; admin_label=&#8221;responsive&#8221; module_class=&#8221;row-responsive&#8221; _builder_version=&#8221;4.22.1&#8243; _module_preset=&#8221;default&#8221; width=&#8221;100%&#8221; max_width=&#8221;100%&#8221; max_width_tablet=&#8221;100%&#8221; max_width_phone=&#8221;100%&#8221; max_width_last_edited=&#8221;on|phone&#8221; module_alignment=&#8221;center&#8221; custom_padding=&#8221;0px||0px||true|false&#8221; custom_padding_tablet=&#8221;0px||0px||true|false&#8221; custom_padding_phone=&#8221;50px||||false|false&#8221; border_width_top=&#8221;1px&#8221; border_color_top=&#8221;#1E1E1E&#8221; border_width_bottom=&#8221;1px&#8221; border_color_bottom=&#8221;#1E1E1E&#8221; global_colors_info=&#8221;{}&#8221;][et_pb_column type=&#8221;1_2&#8243; _builder_version=&#8221;4.22.1&#8243; _module_preset=&#8221;default&#8221; custom_padding_tablet=&#8221;&#8221; custom_padding_phone=&#8221;|40px||40px|false|false&#8221; custom_padding_last_edited=&#8221;on|phone&#8221; global_colors_info=&#8221;{}&#8221;][et_pb_blurb title=&#8221;Sobre n\u00f3s&#8221; content_max_width_tablet=&#8221;&#8221; content_max_width_phone=&#8221;90%&#8221; content_max_width_last_edited=&#8221;on|phone&#8221; module_class=&#8221;ds-vertical-align&#8221; _builder_version=&#8221;4.27.4&#8243; _module_preset=&#8221;default&#8221; body_line_height=&#8221;1.2em&#8221; height=&#8221;1080px&#8221; height_tablet=&#8221;600px&#8221; height_phone=&#8221;600px&#8221; height_last_edited=&#8221;on|phone&#8221; custom_margin_tablet=&#8221;&#8221; custom_margin_phone=&#8221;20px||80px||false|false&#8221; custom_margin_last_edited=&#8221;on|phone&#8221; hover_enabled=&#8221;0&#8243; global_colors_info=&#8221;{}&#8221; sticky_enabled=&#8221;0&#8243;]<\/p>\n<h2>SOMOS BALANDRA!<\/h2>\n<p>Roc\u00edo Solla \u00e9 a alma mater do proxecto. Historiadora da arte e arquitecta de interior, nunca deixou de formarse, especializ\u00e1ndose en xesti\u00f3n cultural e direcci\u00f3n de arte.<\/p>\n<p>Leva case 20 anos traballando para diversas marcas dos sectores art\u00edstico-cultural e comercial como documentalista, muse\u00f3grafa, interiorista, dese\u00f1adora gr\u00e1fica e de identidade corporativa.<\/p>\n<p>En balandra emb\u00e1rcase cun amplo equipo de colaboradores segundo as necesidades de cada cliente.<\/p>\n<p>[\/et_pb_blurb][\/et_pb_column][et_pb_column type=&#8221;1_2&#8243; _builder_version=&#8221;4.22.1&#8243; _module_preset=&#8221;default&#8221; background_image=&#8221;https:\/\/balandraestudio.com\/wp-content\/uploads\/2023\/11\/cv-rocio-solla.jpg&#8221; border_width_left=&#8221;1px&#8221; border_color_left=&#8221;#1E1E1E&#8221; border_width_left_tablet=&#8221;0px&#8221; border_width_left_phone=&#8221;0px&#8221; border_width_left_last_edited=&#8221;on|phone&#8221; global_colors_info=&#8221;{}&#8221;][et_pb_image src=&#8221;https:\/\/balandraestudio.com\/wp-content\/uploads\/2023\/11\/cv-rocio-solla.jpg&#8221; alt=&#8221;Roc\u00edo Solla&#8221; title_text=&#8221;Roc\u00edo Solla&#8221; _builder_version=&#8221;4.22.1&#8243; _module_preset=&#8221;default&#8221; locked=&#8221;off&#8221; global_colors_info=&#8221;{}&#8221;][\/et_pb_image][\/et_pb_column][\/et_pb_row][\/et_pb_section][et_pb_section fb_built=&#8221;1&#8243; custom_padding_last_edited=&#8221;on|phone&#8221; disabled_on=&#8221;off|off|off&#8221; admin_label=&#8221;Servicios&#8221; _builder_version=&#8221;4.22.1&#8243; _module_preset=&#8221;default&#8221; custom_padding_tablet=&#8221;&#8221; custom_padding_phone=&#8221;20px||||false|false&#8221; collapsed=&#8221;on&#8221; global_colors_info=&#8221;{}&#8221;][et_pb_row _builder_version=&#8221;4.22.1&#8243; _module_preset=&#8221;default&#8221; custom_padding=&#8221;||0px||false|false&#8221; global_colors_info=&#8221;{}&#8221;][et_pb_column type=&#8221;4_4&#8243; _builder_version=&#8221;4.22.1&#8243; _module_preset=&#8221;default&#8221; global_colors_info=&#8221;{}&#8221;][et_pb_text _builder_version=&#8221;4.22.1&#8243; _module_preset=&#8221;default&#8221; text_orientation=&#8221;center&#8221; global_colors_info=&#8221;{}&#8221;]<\/p>\n<h4>SERVICIOS<\/h4>\n<h2>Vamos a darle forma a tu historia<\/h2>\n<p>[\/et_pb_text][\/et_pb_column][\/et_pb_row][et_pb_row column_structure=&#8221;1_3,1_3,1_3&#8243; use_custom_gutter=&#8221;on&#8221; gutter_width=&#8221;2&#8243; _builder_version=&#8221;4.22.1&#8243; _module_preset=&#8221;default&#8221; custom_padding=&#8221;0px||||false|false&#8221; global_colors_info=&#8221;{}&#8221;][et_pb_column type=&#8221;1_3&#8243; _builder_version=&#8221;4.22.1&#8243; _module_preset=&#8221;default&#8221; global_colors_info=&#8221;{}&#8221;][et_pb_blurb image=&#8221;https:\/\/balandraestudio.com\/wp-content\/uploads\/2023\/09\/servicios-museografia.jpg&#8221; _builder_version=&#8221;4.22.1&#8243; _dynamic_attributes=&#8221;link_option_url&#8221; _module_preset=&#8221;default&#8221; link_option_url=&#8221;@ET-DC@eyJkeW5hbWljIjp0cnVlLCJjb250ZW50IjoicG9zdF9saW5rX3VybF9wYWdlIiwic2V0dGluZ3MiOnsicG9zdF9pZCI6IjMyMiJ9fQ==@&#8221; global_colors_info=&#8221;{}&#8221;]<\/p>\n<p>museograf\u00eda<\/p>\n<p>[\/et_pb_blurb][\/et_pb_column][et_pb_column type=&#8221;1_3&#8243; _builder_version=&#8221;4.22.1&#8243; _module_preset=&#8221;default&#8221; global_colors_info=&#8221;{}&#8221;][et_pb_blurb image=&#8221;https:\/\/balandraestudio.com\/wp-content\/uploads\/2023\/09\/servicios-interiorismo.jpg&#8221; _builder_version=&#8221;4.22.1&#8243; _dynamic_attributes=&#8221;link_option_url&#8221; _module_preset=&#8221;default&#8221; link_option_url=&#8221;@ET-DC@eyJkeW5hbWljIjp0cnVlLCJjb250ZW50IjoicG9zdF9saW5rX3VybF9wYWdlIiwic2V0dGluZ3MiOnsicG9zdF9pZCI6IjQ2In19@&#8221; global_colors_info=&#8221;{}&#8221;]<\/p>\n<p>interiorismo<\/p>\n<p>[\/et_pb_blurb][\/et_pb_column][et_pb_column type=&#8221;1_3&#8243; _builder_version=&#8221;4.22.1&#8243; _module_preset=&#8221;default&#8221; global_colors_info=&#8221;{}&#8221;][et_pb_blurb image=&#8221;https:\/\/balandraestudio.com\/wp-content\/uploads\/2023\/09\/servicios-diseno-grafico.jpg&#8221; _builder_version=&#8221;4.27.4&#8243; _dynamic_attributes=&#8221;link_option_url&#8221; _module_preset=&#8221;default&#8221; link_option_url=&#8221;@ET-DC@eyJkeW5hbWljIjp0cnVlLCJjb250ZW50IjoicG9zdF9saW5rX3VybF9wYWdlIiwic2V0dGluZ3MiOnsicG9zdF9pZCI6IjQ4In19@&#8221; global_colors_info=&#8221;{}&#8221;]<\/p>\n<p>branding e dese\u00f1o visual<\/p>\n<p>[\/et_pb_blurb][\/et_pb_column][\/et_pb_row][\/et_pb_section]<\/p>\n","protected":false},"excerpt":{"rendered":"<p>Que \u00e9 Balandra? Latexamos en 6\/8. Galicia \u00e9 o noso term\u00f3metro e a nosa despensa. A\u00ednda que miremos en todas direcci\u00f3ns, g\u00fastanos buscar baixo os nosos p\u00e9s para achar respostas. Amamos a nosa cultura e coidamos do territorio para facer deste un pa\u00eds m\u00e1is feliz. Practicamos a honestidade brutal. Porque a levamos na medula e [&hellip;]<\/p>\n","protected":false},"author":4,"featured_media":0,"parent":0,"menu_order":0,"comment_status":"closed","ping_status":"closed","template":"","meta":{"_et_pb_use_builder":"on","_et_pb_old_content":"","_et_gb_content_width":"","footnotes":""},"class_list":["post-769","page","type-page","status-publish","hentry"],"yoast_head":"<!-- This site is optimized with the Yoast SEO plugin v27.3 - https:\/\/yoast.com\/product\/yoast-seo-wordpress\/ -->\n<title>Sobre n\u00f3s - Dise\u00f1adora de interiores - balandra<\/title>\n<meta name=\"description\" content=\"Roc\u00edo Solla, dise\u00f1adora gr\u00e1fica y de interiores, se embarca en un amplio proyecto llamado Balandra, junto a sus colaboradores.\" \/>\n<meta name=\"robots\" content=\"index, follow, max-snippet:-1, max-image-preview:large, max-video-preview:-1\" \/>\n<link rel=\"canonical\" href=\"https:\/\/balandraestudio.com\/gl\/sobre-nos\/\" \/>\n<meta property=\"og:locale\" content=\"gl_ES\" \/>\n<meta property=\"og:type\" content=\"article\" \/>\n<meta property=\"og:title\" content=\"Sobre n\u00f3s - Dise\u00f1adora de interiores - balandra\" \/>\n<meta property=\"og:description\" content=\"Roc\u00edo Solla, dise\u00f1adora gr\u00e1fica y de interiores, se embarca en un amplio proyecto llamado Balandra, junto a sus colaboradores.\" \/>\n<meta property=\"og:url\" content=\"https:\/\/balandraestudio.com\/gl\/sobre-nos\/\" \/>\n<meta property=\"og:site_name\" content=\"balandra\" \/>\n<meta property=\"article:modified_time\" content=\"2025-05-05T23:35:00+00:00\" \/>\n<meta name=\"twitter:card\" content=\"summary_large_image\" \/>\n<meta name=\"twitter:label1\" content=\"Tempo de lectura\" \/>\n\t<meta name=\"twitter:data1\" content=\"3 minutos\" \/>\n<script type=\"application\/ld+json\" class=\"yoast-schema-graph\">{\"@context\":\"https:\\\/\\\/schema.org\",\"@graph\":[{\"@type\":\"WebPage\",\"@id\":\"https:\\\/\\\/balandraestudio.com\\\/gl\\\/sobre-nos\\\/\",\"url\":\"https:\\\/\\\/balandraestudio.com\\\/gl\\\/sobre-nos\\\/\",\"name\":\"Sobre n\u00f3s - Dise\u00f1adora de interiores - balandra\",\"isPartOf\":{\"@id\":\"https:\\\/\\\/balandraestudio.com\\\/gl\\\/#website\"},\"datePublished\":\"2023-09-12T06:08:26+00:00\",\"dateModified\":\"2025-05-05T23:35:00+00:00\",\"description\":\"Roc\u00edo Solla, dise\u00f1adora gr\u00e1fica y de interiores, se embarca en un amplio proyecto llamado Balandra, junto a sus colaboradores.\",\"breadcrumb\":{\"@id\":\"https:\\\/\\\/balandraestudio.com\\\/gl\\\/sobre-nos\\\/#breadcrumb\"},\"inLanguage\":\"gl-ES\",\"potentialAction\":[{\"@type\":\"ReadAction\",\"target\":[\"https:\\\/\\\/balandraestudio.com\\\/gl\\\/sobre-nos\\\/\"]}]},{\"@type\":\"BreadcrumbList\",\"@id\":\"https:\\\/\\\/balandraestudio.com\\\/gl\\\/sobre-nos\\\/#breadcrumb\",\"itemListElement\":[{\"@type\":\"ListItem\",\"position\":1,\"name\":\"Portada\",\"item\":\"https:\\\/\\\/balandraestudio.com\\\/gl\\\/\"},{\"@type\":\"ListItem\",\"position\":2,\"name\":\"Sobre n\u00f3s\"}]},{\"@type\":\"WebSite\",\"@id\":\"https:\\\/\\\/balandraestudio.com\\\/gl\\\/#website\",\"url\":\"https:\\\/\\\/balandraestudio.com\\\/gl\\\/\",\"name\":\"balandra\",\"description\":\"dise\u00f1o valiente\",\"potentialAction\":[{\"@type\":\"SearchAction\",\"target\":{\"@type\":\"EntryPoint\",\"urlTemplate\":\"https:\\\/\\\/balandraestudio.com\\\/gl\\\/?s={search_term_string}\"},\"query-input\":{\"@type\":\"PropertyValueSpecification\",\"valueRequired\":true,\"valueName\":\"search_term_string\"}}],\"inLanguage\":\"gl-ES\"}]}<\/script>\n<!-- \/ Yoast SEO plugin. -->","yoast_head_json":{"title":"Sobre n\u00f3s - Dise\u00f1adora de interiores - balandra","description":"Roc\u00edo Solla, dise\u00f1adora gr\u00e1fica y de interiores, se embarca en un amplio proyecto llamado Balandra, junto a sus colaboradores.","robots":{"index":"index","follow":"follow","max-snippet":"max-snippet:-1","max-image-preview":"max-image-preview:large","max-video-preview":"max-video-preview:-1"},"canonical":"https:\/\/balandraestudio.com\/gl\/sobre-nos\/","og_locale":"gl_ES","og_type":"article","og_title":"Sobre n\u00f3s - Dise\u00f1adora de interiores - balandra","og_description":"Roc\u00edo Solla, dise\u00f1adora gr\u00e1fica y de interiores, se embarca en un amplio proyecto llamado Balandra, junto a sus colaboradores.","og_url":"https:\/\/balandraestudio.com\/gl\/sobre-nos\/","og_site_name":"balandra","article_modified_time":"2025-05-05T23:35:00+00:00","twitter_card":"summary_large_image","twitter_misc":{"Tempo de lectura":"3 minutos"},"schema":{"@context":"https:\/\/schema.org","@graph":[{"@type":"WebPage","@id":"https:\/\/balandraestudio.com\/gl\/sobre-nos\/","url":"https:\/\/balandraestudio.com\/gl\/sobre-nos\/","name":"Sobre n\u00f3s - Dise\u00f1adora de interiores - balandra","isPartOf":{"@id":"https:\/\/balandraestudio.com\/gl\/#website"},"datePublished":"2023-09-12T06:08:26+00:00","dateModified":"2025-05-05T23:35:00+00:00","description":"Roc\u00edo Solla, dise\u00f1adora gr\u00e1fica y de interiores, se embarca en un amplio proyecto llamado Balandra, junto a sus colaboradores.","breadcrumb":{"@id":"https:\/\/balandraestudio.com\/gl\/sobre-nos\/#breadcrumb"},"inLanguage":"gl-ES","potentialAction":[{"@type":"ReadAction","target":["https:\/\/balandraestudio.com\/gl\/sobre-nos\/"]}]},{"@type":"BreadcrumbList","@id":"https:\/\/balandraestudio.com\/gl\/sobre-nos\/#breadcrumb","itemListElement":[{"@type":"ListItem","position":1,"name":"Portada","item":"https:\/\/balandraestudio.com\/gl\/"},{"@type":"ListItem","position":2,"name":"Sobre n\u00f3s"}]},{"@type":"WebSite","@id":"https:\/\/balandraestudio.com\/gl\/#website","url":"https:\/\/balandraestudio.com\/gl\/","name":"balandra","description":"dise\u00f1o valiente","potentialAction":[{"@type":"SearchAction","target":{"@type":"EntryPoint","urlTemplate":"https:\/\/balandraestudio.com\/gl\/?s={search_term_string}"},"query-input":{"@type":"PropertyValueSpecification","valueRequired":true,"valueName":"search_term_string"}}],"inLanguage":"gl-ES"}]}},"_links":{"self":[{"href":"https:\/\/balandraestudio.com\/gl\/wp-json\/wp\/v2\/pages\/769","targetHints":{"allow":["GET"]}}],"collection":[{"href":"https:\/\/balandraestudio.com\/gl\/wp-json\/wp\/v2\/pages"}],"about":[{"href":"https:\/\/balandraestudio.com\/gl\/wp-json\/wp\/v2\/types\/page"}],"author":[{"embeddable":true,"href":"https:\/\/balandraestudio.com\/gl\/wp-json\/wp\/v2\/users\/4"}],"replies":[{"embeddable":true,"href":"https:\/\/balandraestudio.com\/gl\/wp-json\/wp\/v2\/comments?post=769"}],"version-history":[{"count":2,"href":"https:\/\/balandraestudio.com\/gl\/wp-json\/wp\/v2\/pages\/769\/revisions"}],"predecessor-version":[{"id":1482,"href":"https:\/\/balandraestudio.com\/gl\/wp-json\/wp\/v2\/pages\/769\/revisions\/1482"}],"wp:attachment":[{"href":"https:\/\/balandraestudio.com\/gl\/wp-json\/wp\/v2\/media?parent=769"}],"curies":[{"name":"wp","href":"https:\/\/api.w.org\/{rel}","templated":true}]}}