{"id":747,"date":"2023-01-16T08:20:18","date_gmt":"2023-01-16T08:20:18","guid":{"rendered":"https:\/\/balandraestudio.com\/politica-privacidad\/"},"modified":"2024-01-29T10:13:15","modified_gmt":"2024-01-29T10:13:15","slug":"politica-privacidad","status":"publish","type":"page","link":"https:\/\/balandraestudio.com\/gl\/politica-privacidad\/","title":{"rendered":"Pol\u00edtica de privacidad"},"content":{"rendered":"<p>[et_pb_section fb_built=&#8221;1&#8243; _builder_version=&#8221;4.22.1&#8243; _module_preset=&#8221;default&#8221; global_colors_info=&#8221;{}&#8221;][et_pb_row _builder_version=&#8221;4.22.1&#8243; _module_preset=&#8221;default&#8221; global_colors_info=&#8221;{}&#8221;][et_pb_column type=&#8221;4_4&#8243; _builder_version=&#8221;4.22.1&#8243; _module_preset=&#8221;default&#8221; global_colors_info=&#8221;{}&#8221;][et_pb_text module_class=&#8221;textos-legales&#8221; _builder_version=&#8221;4.22.1&#8243; _module_preset=&#8221;default&#8221; text_font_size=&#8221;18px&#8221; text_line_height=&#8221;1.4em&#8221; header_line_height=&#8221;1.2em&#8221; header_2_font_size=&#8221;22px&#8221; header_2_line_height=&#8221;1.2em&#8221; hover_enabled=&#8221;0&#8243; global_colors_info=&#8221;{}&#8221; sticky_enabled=&#8221;0&#8243;]<\/p>\n<h1>Pol\u00edtica de privacidade<\/h1>\n<p>En cumprimento do Regulamento (UE) 2016\/679 do Parlamento Europeo e do Consello, do 27 de abril de 2016, relativo \u00e1 protecci\u00f3n das persoas f\u00edsicas no que respecta ao tratamento de datos de car\u00e1cter persoal, polo que se derroga a Directiva 95\/46\/CE (en diante , RGPD), da Lei 34\/2002, do 11 de xullo, de servizos da sociedade da informaci\u00f3n e de comercio electr\u00f3nico (en diante, LSSI-CE) e da Lei org\u00e1nica 3\/2018 , de protecci\u00f3n de datos de car\u00e1cter persoal e garant\u00eda dos dereitos dixitais (en diante, LOPDGDD), ROC\u00cdO SOLLA SAMPEDRO garante a protecci\u00f3n e confidencialidade dos datos persoais, de calquera tipo que nos faciliten os nosos clientes, de acordo co establecido no Regulamento Xeral de Protecci\u00f3n de Datos de Car\u00e1cter Persoal.<\/p>\n<p>Os datos facilitados ser\u00e1n tratados nos termos establecidos no RGPD, nese sentido ROC\u00cdO SOLLA SAMPEDRO adoptou os niveis de protecci\u00f3n legalmente esixibles, e instalou todas as medidas t\u00e9cnicas ao seu alcance para evitar a s\u00faa perda, mal uso, alteraci\u00f3n, non autorizado. acceso de terceiros, que se indica a continuaci\u00f3n. Non obstante, o usuario debe ser consciente de que as medidas de seguridade en Internet non son inexpugnables.<\/p>\n<p><strong>Responsable del tratamiento<\/strong><br \/>Denominaci\u00f3n: ROC\u00cdO SOLLA SAMPEDRO<br \/>NIF: 47360116B<br \/>Direcci\u00f3n: R\u00faa San Amaro 25, 5\u00ba, 15002 | CORU\u00d1A (A)<br \/>Correo electr\u00f3nico: ola@balandraestudio.com<\/p>\n<p><strong>Finalidade do tratamento<\/strong><br \/>Todos os datos facilitados polos nosos clientes e\/ou visitantes na p\u00e1xina web de ROC\u00cdO SOLLA SAMPEDRO ou do seu persoal ser\u00e1n inclu\u00eddos no rexistro de actividades de tratamento de datos persoais, creado e mantido baixo a responsabilidade de ROC\u00cdO SOLLA SAMPEDRO, imprescindible para prestar os servizos solicitados polos usuarios. , ou para resolver d\u00fabidas ou d\u00fabidas suscitadas polos nosos visitantes. A nosa pol\u00edtica \u00e9 non crear perf\u00eds sobre os usuarios dos nosos servizos.\n<\/p>\n<p><strong>Lexitimidade do tratamento<\/strong><\/p>\n<ol type=\"a\">\n<li>Relaci\u00f3n contractual: \u00c9 a que se aplica cando compra un dos nosos produtos ou contrata alg\u00fan dos nosos servizos.\n<\/li>\n<li>Interese lex\u00edtimo: atender as consultas e reclamaci\u00f3ns que formule e xestionar o cobro de cantidades adeudadas.\n<\/li>\n<li>O seu consentimento: Se vostede \u00e9 usuario da nosa web, marcando a caixa que aparece no formulario de contacto, autor\u00edzanos a enviarlle as comunicaci\u00f3ns necesarias para responder \u00e1 consulta ou solicitude de informaci\u00f3n formulada.\n<\/li>\n<\/ol>\n<p><strong>Destinatarios<\/strong><br \/>Non cedemos os seus datos persoais a ningu\u00e9n, ag\u00e1s aquelas entidades p\u00fablicas ou privadas \u00e1s que estamos obrigados a facilitar os seus datos persoais para cumprir con calquera lei. Por po\u00f1er un exemplo, a Lei Tributaria obriga a facilitar \u00e1 Axencia Tributaria determinada informaci\u00f3n sobre as operaci\u00f3ns econ\u00f3micas que superen un determinado importe.<\/p>\n<p><strong>Comunicaci\u00f3n<\/strong><br \/>Non realizaremos transferencias internacionais dos seus datos persoais para ningunha das finalidades indicadas.\n<\/p>\n<p><strong>Conservaci\u00f3n<\/strong><br \/>S\u00f3 conservaremos os seus datos persoais durante o tempo necesario para acadar os fins para os que foron recollidos. Ao determinar o per\u00edodo de conservaci\u00f3n adecuado, consideramos os riscos que implica o tratamento, as\u00ed como as nosas obrigas contractuais, legais e regulamentarias, as pol\u00edticas internas de retenci\u00f3n de datos e os nosos intereses comerciais lex\u00edtimos descritos neste Aviso de privacidade e pol\u00edtica de cookies.\n<\/p>\n<p>Neste sentido, ROC\u00cdO SOLLA SAMPEDRO conservar\u00e1 os datos persoais unha vez finalizada a s\u00faa relaci\u00f3n con vostede, debidamente bloqueados, durante o prazo de prescrici\u00f3n das actuaci\u00f3ns que poidan derivarse da relaci\u00f3n mantida co interesado.<\/p>\n<p>Unha vez bloqueados, os seus datos ser\u00e1n inaccesibles para ROC\u00cdO SOLLA SAMPEDRO, e non ser\u00e1n tratados salvo para po\u00f1elos a disposici\u00f3n das Administraci\u00f3ns p\u00fablicas, Xu\u00edces e Xulgados, para a atenci\u00f3n das posibles responsabilidades derivadas dos tratamentos, as\u00ed como para o exercicio e defensa de reclamaci\u00f3ns ante a Axencia Espa\u00f1ola de Protecci\u00f3n de Datos.<\/p>\n<p><strong>Seguridade<\/strong><br \/>Facemos todos os esforzos razoables para manter a confidencialidade da informaci\u00f3n persoal procesada nos nosos sistemas. Mantemos estritos niveis de seguridade para protexer os datos persoais que tratamos contra a perda accidental e o acceso, tratamento ou divulgaci\u00f3n non autorizados, tendo en conta o estado da tecnolox\u00eda, a natureza e os riscos aos que est\u00e1n expostos os datos. Non obstante, non podemos ser responsables do uso que faga dos datos (inclu\u00eddo o nome de usuario e o contrasinal) que utiliza no noso sitio web. O noso persoal segue estritos est\u00e1ndares de privacidade e, se contratamos a terceiros para proporcionar servizos de soporte, esix\u00edmoslles que cumpran os mesmos est\u00e1ndares e perm\u00edtenos auditar o seu cumprimento.\n<\/p>\n<p><strong>Os seus dereitos<\/strong><br \/>Inform\u00e1moslle que pode exercer os seguintes dereitos:\n<\/p>\n<ol type=\"a\">\n<li>Dereito de acceso aos teus datos persoais, a co\u00f1ecer cales se est\u00e1n tratando e as operaci\u00f3ns de tratamento que se realizan con eles;<\/li>\n<li>Dereito a rectificar calquera dato persoal inexacto;<\/li>\n<li>Dereito a eliminar os seus datos persoais, cando isto sexa posible (por exemplo, por esixencia legal);<\/li>\n<li>Dereito a limitar o tratamento dos seus datos persoais cando a exactitude, legalidade ou necesidade do tratamento dos datos sexa dubidosa, en cuxo caso, poderemos conservalos para o exercicio ou a defensa de reclamaci\u00f3ns.<\/li>\n<li>Dereito a opo\u00f1erse ao tratamento dos seus datos persoais, cando a base legal que nos permita tratar os datos indicados sexa o noso interese lex\u00edtimo. &#8220;Company_Name&#8221; deixar\u00e1 de procesar os teus datos a non ser que te\u00f1a un interese lex\u00edtimo ou sexa necesario para defender reclamaci\u00f3ns.<\/li>\n<li>Dereito \u00e1 portabilidade dos teus datos, cando a base legal que nos permita tratalos sexa a existencia dunha relaci\u00f3n contractual ou o teu consentimento.<\/li>\n<li>Dereito a revogar o consentimento outorgado a ROC\u00cdO SOLLA SAMPEDRO<\/li>\n<\/ol>\n<p>Para exercer os seus dereitos, pode facelo de xeito gratu\u00edto e en calquera momento, po\u00f1\u00e9ndose en contacto connosco no enderezo ROC\u00cdO SOLLA SAMPEDRO, adxuntando copia do seu DNI.<\/p>\n<p><strong>Protecci\u00f3n de dereitos<\/strong><br \/>No caso de entender que os seus dereitos foron desatendidos pola nosa entidade, pode presentar unha reclamaci\u00f3n ante a Axencia Espa\u00f1ola de Protecci\u00f3n de Datos, a trav\u00e9s dun dos seguintes medios :<\/p>\n<ul>\n<li>Sede electr\u00f3nica: <a href=\"https:\/\/www.aepd.es\">https:\/\/www.aepd.es<\/a><\/li>\n<li>Correo postal: Agencia Espa\u00f1ola de Protecci\u00f3n de Datos, C\/ Jorge Juan, 6, 28001, Madrid <\/li>\n<li>Tel\u00e9fono: 901.100.099 y 912.663.517<\/li>\n<\/ul>\n<p>Formular unha reclamaci\u00f3n ante a Axencia Espa\u00f1ola de Protecci\u00f3n de Datos non sup\u00f3n ning\u00fan custo e non \u00e9 necesaria a asistencia dun avogado ou dun avogado.<\/p>\n<p><strong>Actualizaci\u00f3ns<\/strong><br \/>ROC\u00cdO SOLLA SAMPEDRO res\u00e9rvase o dereito a modificar esta pol\u00edtica para adaptala \u00e1s novidades lexislativas ou xurisprudenciais que poidan afectar ao seu cumprimento.<\/p>\n<p>[\/et_pb_text][\/et_pb_column][\/et_pb_row][\/et_pb_section]<\/p>\n","protected":false},"excerpt":{"rendered":"<p>Pol\u00edtica de privacidade En cumprimento do Regulamento (UE) 2016\/679 do Parlamento Europeo e do Consello, do 27 de abril de 2016, relativo \u00e1 protecci\u00f3n das persoas f\u00edsicas no que respecta ao tratamento de datos de car\u00e1cter persoal, polo que se derroga a Directiva 95\/46\/CE (en diante , RGPD), da Lei 34\/2002, do 11 de xullo, [&hellip;]<\/p>\n","protected":false},"author":1,"featured_media":0,"parent":0,"menu_order":0,"comment_status":"closed","ping_status":"closed","template":"","meta":{"_et_pb_use_builder":"on","_et_pb_old_content":"<!-- wp:heading --><h2>Qui\u00e9nes somos<\/h2><!-- \/wp:heading --><!-- wp:paragraph --><p><strong class=\"privacy-policy-tutorial\">Texto sugerido: <\/strong>La direcci\u00f3n de nuestra web es: https:\/\/balandraestudio.com\/.<\/p><!-- \/wp:paragraph --><!-- wp:heading --><h2>Comentarios<\/h2><!-- \/wp:heading --><!-- wp:paragraph --><p><strong class=\"privacy-policy-tutorial\">Texto sugerido: <\/strong>Cuando los visitantes dejan comentarios en la web, recopilamos los datos que se muestran en el formulario de comentarios, as\u00ed como la direcci\u00f3n IP del visitante y la cadena de agentes de usuario del navegador para ayudar a la detecci\u00f3n de spam.<\/p><!-- \/wp:paragraph --><!-- wp:paragraph --><p>Una cadena an\u00f3nima creada a partir de tu direcci\u00f3n de correo electr\u00f3nico (tambi\u00e9n llamada hash) puede ser proporcionada al servicio de Gravatar para ver si la est\u00e1s usando. La pol\u00edtica de privacidad del servicio Gravatar est\u00e1 disponible aqu\u00ed: https:\/\/automattic.com\/privacy\/. Despu\u00e9s de la aprobaci\u00f3n de tu comentario, la imagen de tu perfil es visible para el p\u00fablico en el contexto de tu comentario.<\/p><!-- \/wp:paragraph --><!-- wp:heading --><h2>Medios<\/h2><!-- \/wp:heading --><!-- wp:paragraph --><p><strong class=\"privacy-policy-tutorial\">Texto sugerido: <\/strong>Si subes im\u00e1genes a la web, deber\u00edas evitar subir im\u00e1genes con datos de ubicaci\u00f3n (GPS EXIF) incluidos. Los visitantes de la web pueden descargar y extraer cualquier dato de ubicaci\u00f3n de las im\u00e1genes de la web.<\/p><!-- \/wp:paragraph --><!-- wp:heading --><h2>Cookies<\/h2><!-- \/wp:heading --><!-- wp:paragraph --><p><strong class=\"privacy-policy-tutorial\">Texto sugerido: <\/strong>Si dejas un comentario en nuestro sitio puedes elegir guardar tu nombre, direcci\u00f3n de correo electr\u00f3nico y web en cookies. Esto es para tu comodidad, para que no tengas que volver a rellenar tus datos cuando dejes otro comentario. Estas cookies tendr\u00e1n una duraci\u00f3n de un a\u00f1o.<\/p><!-- \/wp:paragraph --><!-- wp:paragraph --><p>Si tienes una cuenta y te conectas a este sitio, instalaremos una cookie temporal para determinar si tu navegador acepta cookies. Esta cookie no contiene datos personales y se elimina al cerrar el navegador.<\/p><!-- \/wp:paragraph --><!-- wp:paragraph --><p>Cuando accedas, tambi\u00e9n instalaremos varias cookies para guardar tu informaci\u00f3n de acceso y tus opciones de visualizaci\u00f3n de pantalla. Las cookies de acceso duran dos d\u00edas, y las cookies de opciones de pantalla duran un a\u00f1o. Si seleccionas \u00abRecu\u00e9rdarme\u00bb, tu acceso perdurar\u00e1 durante dos semanas. Si sales de tu cuenta, las cookies de acceso se eliminar\u00e1n.<\/p><!-- \/wp:paragraph --><!-- wp:paragraph --><p>Si editas o publicas un art\u00edculo se guardar\u00e1 una cookie adicional en tu navegador. Esta cookie no incluye datos personales y simplemente indica el ID del art\u00edculo que acabas de editar. Caduca despu\u00e9s de 1 d\u00eda.<\/p><!-- \/wp:paragraph --><!-- wp:heading --><h2>Contenido incrustado de otros sitios web<\/h2><!-- \/wp:heading --><!-- wp:paragraph --><p><strong class=\"privacy-policy-tutorial\">Texto sugerido: <\/strong>Los art\u00edculos de este sitio pueden incluir contenido incrustado (por ejemplo, v\u00eddeos, im\u00e1genes, art\u00edculos, etc.). El contenido incrustado de otras webs se comporta exactamente de la misma manera que si el visitante hubiera visitado la otra web.<\/p><!-- \/wp:paragraph --><!-- wp:paragraph --><p>Estas web pueden recopilar datos sobre ti, utilizar cookies, incrustar un seguimiento adicional de terceros, y supervisar tu interacci\u00f3n con ese contenido incrustado, incluido el seguimiento de tu interacci\u00f3n con el contenido incrustado si tienes una cuenta y est\u00e1s conectado a esa web.<\/p><!-- \/wp:paragraph --><!-- wp:heading --><h2>Con qui\u00e9n compartimos tus datos<\/h2><!-- \/wp:heading --><!-- wp:paragraph --><p><strong class=\"privacy-policy-tutorial\">Texto sugerido: <\/strong>Si solicitas un restablecimiento de contrase\u00f1a, tu direcci\u00f3n IP ser\u00e1 incluida en el correo electr\u00f3nico de restablecimiento.<\/p><!-- \/wp:paragraph --><!-- wp:heading --><h2>Cu\u00e1nto tiempo conservamos tus datos<\/h2><!-- \/wp:heading --><!-- wp:paragraph --><p><strong class=\"privacy-policy-tutorial\">Texto sugerido: <\/strong>Si dejas un comentario, el comentario y sus metadatos se conservan indefinidamente. Esto es para que podamos reconocer y aprobar comentarios sucesivos autom\u00e1ticamente, en lugar de mantenerlos en una cola de moderaci\u00f3n.<\/p><!-- \/wp:paragraph --><!-- wp:paragraph --><p>De los usuarios que se registran en nuestra web (si los hay), tambi\u00e9n almacenamos la informaci\u00f3n personal que proporcionan en su perfil de usuario. Todos los usuarios pueden ver, editar o eliminar su informaci\u00f3n personal en cualquier momento (excepto que no pueden cambiar su nombre de usuario). Los administradores de la web tambi\u00e9n pueden ver y editar esa informaci\u00f3n.<\/p><!-- \/wp:paragraph --><!-- wp:heading --><h2>Qu\u00e9 derechos tienes sobre tus datos<\/h2><!-- \/wp:heading --><!-- wp:paragraph --><p><strong class=\"privacy-policy-tutorial\">Texto sugerido: <\/strong>Si tienes una cuenta o has dejado comentarios en esta web, puedes solicitar recibir un archivo de exportaci\u00f3n de los datos personales que tenemos sobre ti, incluyendo cualquier dato que nos hayas proporcionado. Tambi\u00e9n puedes solicitar que eliminemos cualquier dato personal que tengamos sobre ti. Esto no incluye ning\u00fan dato que estemos obligados a conservar con fines administrativos, legales o de seguridad.<\/p><!-- \/wp:paragraph --><!-- wp:heading --><h2>D\u00f3nde se env\u00edan tus datos<\/h2><!-- \/wp:heading --><!-- wp:paragraph --><p><strong class=\"privacy-policy-tutorial\">Texto sugerido: <\/strong>Los comentarios de los visitantes puede que los revise un servicio de detecci\u00f3n autom\u00e1tica de spam.<\/p><!-- \/wp:paragraph -->","_et_gb_content_width":"","footnotes":""},"class_list":["post-747","page","type-page","status-publish","hentry"],"yoast_head":"<!-- This site is optimized with the Yoast SEO plugin v27.3 - https:\/\/yoast.com\/product\/yoast-seo-wordpress\/ -->\n<title>Pol\u00edtica de privacidad - balandra<\/title>\n<meta name=\"robots\" content=\"index, follow, max-snippet:-1, max-image-preview:large, max-video-preview:-1\" \/>\n<link rel=\"canonical\" href=\"https:\/\/balandraestudio.com\/gl\/politica-privacidad\/\" \/>\n<meta property=\"og:locale\" content=\"gl_ES\" \/>\n<meta property=\"og:type\" content=\"article\" \/>\n<meta property=\"og:title\" content=\"Pol\u00edtica de privacidad - balandra\" \/>\n<meta property=\"og:description\" content=\"Pol\u00edtica de privacidade En cumprimento do Regulamento (UE) 2016\/679 do Parlamento Europeo e do Consello, do 27 de abril de 2016, relativo \u00e1 protecci\u00f3n das persoas f\u00edsicas no que respecta ao tratamento de datos de car\u00e1cter persoal, polo que se derroga a Directiva 95\/46\/CE (en diante , RGPD), da Lei 34\/2002, do 11 de xullo, [&hellip;]\" \/>\n<meta property=\"og:url\" content=\"https:\/\/balandraestudio.com\/gl\/politica-privacidad\/\" \/>\n<meta property=\"og:site_name\" content=\"balandra\" \/>\n<meta property=\"article:modified_time\" content=\"2024-01-29T10:13:15+00:00\" \/>\n<meta name=\"twitter:card\" content=\"summary_large_image\" \/>\n<meta name=\"twitter:label1\" content=\"Tempo de lectura\" \/>\n\t<meta name=\"twitter:data1\" content=\"6 minutos\" \/>\n<script type=\"application\/ld+json\" class=\"yoast-schema-graph\">{\"@context\":\"https:\\\/\\\/schema.org\",\"@graph\":[{\"@type\":\"WebPage\",\"@id\":\"https:\\\/\\\/balandraestudio.com\\\/gl\\\/politica-privacidad\\\/\",\"url\":\"https:\\\/\\\/balandraestudio.com\\\/gl\\\/politica-privacidad\\\/\",\"name\":\"Pol\u00edtica de privacidad - balandra\",\"isPartOf\":{\"@id\":\"https:\\\/\\\/balandraestudio.com\\\/gl\\\/#website\"},\"datePublished\":\"2023-01-16T08:20:18+00:00\",\"dateModified\":\"2024-01-29T10:13:15+00:00\",\"breadcrumb\":{\"@id\":\"https:\\\/\\\/balandraestudio.com\\\/gl\\\/politica-privacidad\\\/#breadcrumb\"},\"inLanguage\":\"gl-ES\",\"potentialAction\":[{\"@type\":\"ReadAction\",\"target\":[\"https:\\\/\\\/balandraestudio.com\\\/gl\\\/politica-privacidad\\\/\"]}]},{\"@type\":\"BreadcrumbList\",\"@id\":\"https:\\\/\\\/balandraestudio.com\\\/gl\\\/politica-privacidad\\\/#breadcrumb\",\"itemListElement\":[{\"@type\":\"ListItem\",\"position\":1,\"name\":\"Portada\",\"item\":\"https:\\\/\\\/balandraestudio.com\\\/gl\\\/\"},{\"@type\":\"ListItem\",\"position\":2,\"name\":\"Pol\u00edtica de privacidad\"}]},{\"@type\":\"WebSite\",\"@id\":\"https:\\\/\\\/balandraestudio.com\\\/gl\\\/#website\",\"url\":\"https:\\\/\\\/balandraestudio.com\\\/gl\\\/\",\"name\":\"balandra\",\"description\":\"dise\u00f1o valiente\",\"potentialAction\":[{\"@type\":\"SearchAction\",\"target\":{\"@type\":\"EntryPoint\",\"urlTemplate\":\"https:\\\/\\\/balandraestudio.com\\\/gl\\\/?s={search_term_string}\"},\"query-input\":{\"@type\":\"PropertyValueSpecification\",\"valueRequired\":true,\"valueName\":\"search_term_string\"}}],\"inLanguage\":\"gl-ES\"}]}<\/script>\n<!-- \/ Yoast SEO plugin. -->","yoast_head_json":{"title":"Pol\u00edtica de privacidad - balandra","robots":{"index":"index","follow":"follow","max-snippet":"max-snippet:-1","max-image-preview":"max-image-preview:large","max-video-preview":"max-video-preview:-1"},"canonical":"https:\/\/balandraestudio.com\/gl\/politica-privacidad\/","og_locale":"gl_ES","og_type":"article","og_title":"Pol\u00edtica de privacidad - balandra","og_description":"Pol\u00edtica de privacidade En cumprimento do Regulamento (UE) 2016\/679 do Parlamento Europeo e do Consello, do 27 de abril de 2016, relativo \u00e1 protecci\u00f3n das persoas f\u00edsicas no que respecta ao tratamento de datos de car\u00e1cter persoal, polo que se derroga a Directiva 95\/46\/CE (en diante , RGPD), da Lei 34\/2002, do 11 de xullo, [&hellip;]","og_url":"https:\/\/balandraestudio.com\/gl\/politica-privacidad\/","og_site_name":"balandra","article_modified_time":"2024-01-29T10:13:15+00:00","twitter_card":"summary_large_image","twitter_misc":{"Tempo de lectura":"6 minutos"},"schema":{"@context":"https:\/\/schema.org","@graph":[{"@type":"WebPage","@id":"https:\/\/balandraestudio.com\/gl\/politica-privacidad\/","url":"https:\/\/balandraestudio.com\/gl\/politica-privacidad\/","name":"Pol\u00edtica de privacidad - balandra","isPartOf":{"@id":"https:\/\/balandraestudio.com\/gl\/#website"},"datePublished":"2023-01-16T08:20:18+00:00","dateModified":"2024-01-29T10:13:15+00:00","breadcrumb":{"@id":"https:\/\/balandraestudio.com\/gl\/politica-privacidad\/#breadcrumb"},"inLanguage":"gl-ES","potentialAction":[{"@type":"ReadAction","target":["https:\/\/balandraestudio.com\/gl\/politica-privacidad\/"]}]},{"@type":"BreadcrumbList","@id":"https:\/\/balandraestudio.com\/gl\/politica-privacidad\/#breadcrumb","itemListElement":[{"@type":"ListItem","position":1,"name":"Portada","item":"https:\/\/balandraestudio.com\/gl\/"},{"@type":"ListItem","position":2,"name":"Pol\u00edtica de privacidad"}]},{"@type":"WebSite","@id":"https:\/\/balandraestudio.com\/gl\/#website","url":"https:\/\/balandraestudio.com\/gl\/","name":"balandra","description":"dise\u00f1o valiente","potentialAction":[{"@type":"SearchAction","target":{"@type":"EntryPoint","urlTemplate":"https:\/\/balandraestudio.com\/gl\/?s={search_term_string}"},"query-input":{"@type":"PropertyValueSpecification","valueRequired":true,"valueName":"search_term_string"}}],"inLanguage":"gl-ES"}]}},"_links":{"self":[{"href":"https:\/\/balandraestudio.com\/gl\/wp-json\/wp\/v2\/pages\/747","targetHints":{"allow":["GET"]}}],"collection":[{"href":"https:\/\/balandraestudio.com\/gl\/wp-json\/wp\/v2\/pages"}],"about":[{"href":"https:\/\/balandraestudio.com\/gl\/wp-json\/wp\/v2\/types\/page"}],"author":[{"embeddable":true,"href":"https:\/\/balandraestudio.com\/gl\/wp-json\/wp\/v2\/users\/1"}],"replies":[{"embeddable":true,"href":"https:\/\/balandraestudio.com\/gl\/wp-json\/wp\/v2\/comments?post=747"}],"version-history":[{"count":0,"href":"https:\/\/balandraestudio.com\/gl\/wp-json\/wp\/v2\/pages\/747\/revisions"}],"wp:attachment":[{"href":"https:\/\/balandraestudio.com\/gl\/wp-json\/wp\/v2\/media?parent=747"}],"curies":[{"name":"wp","href":"https:\/\/api.w.org\/{rel}","templated":true}]}}