{"id":735,"date":"2023-11-17T10:00:43","date_gmt":"2023-11-17T10:00:43","guid":{"rendered":"https:\/\/balandraestudio.com\/accesibilidad\/"},"modified":"2024-01-29T10:24:33","modified_gmt":"2024-01-29T10:24:33","slug":"accesibilidade","status":"publish","type":"page","link":"https:\/\/balandraestudio.com\/gl\/accesibilidade\/","title":{"rendered":"Accesibilidade"},"content":{"rendered":"<p>[et_pb_section fb_built=&#8221;1&#8243; _builder_version=&#8221;4.22.1&#8243; _module_preset=&#8221;default&#8221; global_colors_info=&#8221;{}&#8221;][et_pb_row _builder_version=&#8221;4.22.1&#8243; _module_preset=&#8221;default&#8221; global_colors_info=&#8221;{}&#8221;][et_pb_column type=&#8221;4_4&#8243; _builder_version=&#8221;4.22.1&#8243; _module_preset=&#8221;default&#8221; global_colors_info=&#8221;{}&#8221;][et_pb_text module_class=&#8221;textos-legales&#8221; _builder_version=&#8221;4.22.1&#8243; _module_preset=&#8221;default&#8221; text_font_size=&#8221;18px&#8221; text_line_height=&#8221;1.4em&#8221; header_line_height=&#8221;1.2em&#8221; header_2_font_size=&#8221;22px&#8221; header_2_line_height=&#8221;1.2em&#8221; hover_enabled=&#8221;0&#8243; global_colors_info=&#8221;{}&#8221; sticky_enabled=&#8221;0&#8243;]<\/p>\n<h1>Accesibilidade<\/h1>\n<p>O noso compromiso \u00e9 facer accesible esta web, de acordo co Real Decreto 1112\/2018, do 7 de setembro, de accesibilidade de sitios web e aplicaci\u00f3ns para dispositivos m\u00f3biles do sector p\u00fablico.<\/p>\n<h3>SITUACI\u00d3N DE CUMPRIMENTO<\/h3>\n<p>Esta web cumpre parcialmente co RD 1112\/2018 polas excepci\u00f3ns e faltas de conformidade dos aspectos sinalados no punto seguinte.<\/p>\n<h3>CONTIDO NON ACCESIBLE<\/h3>\n<p>\u00c9 posible que non se poida acceder ao contido a continuaci\u00f3n debido ao seguinte:<br \/>\nPoder\u00eda haber alg\u00fans aspectos de contraste que non cumpran os requisitos m\u00ednimos, con respecto \u00e1s cores adxacentes do fondo.<br \/>\nPode haber alg\u00fans elementos non textuais non etiquetados correctamente.<br \/>\nOs buscadores buscan automaticamente sen requirir ningunha acci\u00f3n por parte do usuario.<br \/>\nPode haber alg\u00fans textos noutro idioma que non estean etiquetados correctamente.<br \/>\nPode haber erros de c\u00f3digo de edici\u00f3n espec\u00edficos nalgunha p\u00e1xina web.<br \/>\nPode haber ficheiros ofim\u00e1ticos en PDF ou noutros formatos publicados que non cumpran totalmente todos os requisitos de accesibilidade. A\u00ednda que se realizaron esforzos para garantir que a maior\u00eda deles cumpran.<\/p>\n<h3>ELABORACI\u00d3N DA SEGUINTE DECLARACI\u00d3N DE ACCESIBILIDADE<\/h3>\n<p>O m\u00e9todo empregado para elaborar a declaraci\u00f3n foi unha autoavaliaci\u00f3n realizada polo responsable do desenvolvemento web.<\/p>\n<h3>OBSERVACI\u00d3NS E INFORMACI\u00d3N DE CONTACTO<\/h3>\n<p>Podes realizar comunicaci\u00f3ns sobre requisitos de accesibilidade (artigo 10.2.a do RD 1112\/2018) como:<br \/>\n\u2022 Informar de calquera posible incumprimento por parte desta web<br \/>\n\u2022 Transmitir outras dificultades de acceso ao contido<br \/>\n\u2022 Formular calquera outra d\u00fabida ou suxesti\u00f3n de mellora en relaci\u00f3n \u00e1 accesibilidade do sitio web.<\/p>\n<p>Podes presentar:<br \/>\n\u2022 Reclamaci\u00f3n relativa ao cumprimento dos requisitos do RD 1112\/2018 ou<br \/>\n\u2022 Solicitude de informaci\u00f3n accesible relacionada con:<br \/>\nContidos que quedan exclu\u00eddos do \u00e1mbito de aplicaci\u00f3n do RD 1112\/2018 segundo o establecido no artigo 3, apartado 4.<br \/>\nContidos que est\u00e1n exentos do cumprimento dos requisitos de accesibilidade porque imp\u00f3n unha carga desproporcionada.<br \/>\nNa Solicitude de informaci\u00f3n accesible deber\u00e1n especificarse claramente os feitos, motivos e solicitude que nos permitan comprobar que se trata dunha solicitude razoable e lex\u00edtima.<\/p>\n<h3>PROCEDEMENTO DE SOLICITUDE<\/h3>\n<p>Se unha vez formulada a solicitude de informaci\u00f3n accesible ou reclamaci\u00f3n, esta fose desestimada, non se acordase a resoluci\u00f3n adoptada ou a resposta non re\u00fana os requisitos previstos no artigo 12.5, o interesado poder\u00e1 incoar reclamaci\u00f3n. As\u00ed mesmo, poder\u00e1 incoarse reclamaci\u00f3n no caso de que transcorrese o prazo de vinte d\u00edas h\u00e1biles sen ter recibido resposta.<br \/>\nA reclamaci\u00f3n poder\u00e1 presentarse a trav\u00e9s da Instancia xen\u00e9rica da sede electr\u00f3nica do Ministerio de Asuntos Econ\u00f3micos e Transformaci\u00f3n Dixital, as\u00ed como no resto de opci\u00f3ns recollidas na Lei 39\/2015, do 1 de outubro, do Procedemento Administrativo Com\u00fan do Administraci\u00f3ns.P\u00fablico. As reclamaci\u00f3ns ser\u00e1n recibidas e tramitadas pola Subdirecci\u00f3n Xeral de Inspecci\u00f3n de Servizos da Conseller\u00eda.<\/p>\n<h3>CONTIDO OPCIONAL<\/h3>\n<p>Este portal est\u00e1 dese\u00f1ado para poder cambiar o tama\u00f1o e a cor do texto, as\u00ed como o fondo da p\u00e1xina mediante as opci\u00f3ns de configuraci\u00f3n est\u00e1ndar do navegador.<br \/>\nSe queres cambiar o tama\u00f1o da fonte do texto nos principais navegadores gr\u00e1ficos, utiliza os seguintes men\u00fas:<br \/>\n\u2022 Internet Explorer, Mozilla e Firefox: Ver &gt; Tama\u00f1o do texto<br \/>\n\u2022 Opera: Ver &gt; Zoom<br \/>\n\u2022 Safari: Ver &gt; Fai o texto m\u00e1is grande<br \/>\n\u2022 Chrome: controla a p\u00e1xina actual &gt; Tama\u00f1o do texto<br \/>\n\u2022 Para modificar o tama\u00f1o de todo o que hai na p\u00e1xina:<br \/>\n\u2022 Ctrl + + para aumentalo<br \/>\n\u2022 Ctrl + \u2013 para diminu\u00edlo<br \/>\n\u2022 Ctrl + 0 restaura o tama\u00f1o orixinal do texto<br \/>\n\u2022 Se o que queres \u00e9 anular a folla de estilo ou modificar a cor do texto, podes consultar a p\u00e1xina Como cambiar o tama\u00f1o ou as cores do texto da WAI, que se pode ler traducida ao castel\u00e1n en Como cambiar o tama\u00f1o ou as cores do texto ?[\/et_pb_text][\/et_pb_column][\/et_pb_row][\/et_pb_section]<\/p>\n","protected":false},"excerpt":{"rendered":"<p>Accesibilidade O noso compromiso \u00e9 facer accesible esta web, de acordo co Real Decreto 1112\/2018, do 7 de setembro, de accesibilidade de sitios web e aplicaci\u00f3ns para dispositivos m\u00f3biles do sector p\u00fablico. SITUACI\u00d3N DE CUMPRIMENTO Esta web cumpre parcialmente co RD 1112\/2018 polas excepci\u00f3ns e faltas de conformidade dos aspectos sinalados no punto seguinte. CONTIDO [&hellip;]<\/p>\n","protected":false},"author":1,"featured_media":0,"parent":0,"menu_order":0,"comment_status":"closed","ping_status":"closed","template":"","meta":{"_et_pb_use_builder":"on","_et_pb_old_content":"Nuestro compromiso es hacer accesible este sitio web, de conformidad con el\u00a0Real Decreto 1112\/2018, de 7 de septiembre, sobre accesibilidad de los sitios web y aplicaciones para dispositivos m\u00f3viles del sector p\u00fablico.\r\n<h3>SITUACI\u00d3N DE CUMPLIMIENTO<\/h3>\r\nEste sitio web es parcialmente conforme con el\u00a0RD 1112\/2018\u00a0debido a las excepciones y a la falta de conformidad de los aspectos que se indican en el siguiente punto.\r\n<h3>CONTENIDO NO ACCESIBLE<\/h3>\r\nEl contenido que se recoge a continuaci\u00f3n podr\u00eda no ser accesible por lo siguiente:\r\nPodr\u00edan existir algunos aspectos de contraste que no cumplan los m\u00ednimos exigidos,.\u00a1con respecto a los colores adyacentes del fondo.\r\nPodr\u00edan existir algunos elementos no textuales no etiquetados correctamente.\r\nLos buscadores buscan autom\u00e1ticamente sin necesidad de ordenar ninguna acci\u00f3n por parte del usuario.\r\nPodr\u00edan existir algunos textos en otro idioma no etiquetados correctamente.\r\nPodr\u00edan existir errores de c\u00f3digo puntuales de edici\u00f3n en alguna p\u00e1gina web.\r\nPodr\u00edan existir archivos ofim\u00e1ticos en PDF u otros formatos publicados que no cumplan en su totalidad todos los requisitos de accesibilidad. Aunque se ha procurado que la mayor\u00eda de ellos s\u00ed lo cumplan.\r\n<h3>PREPARACI\u00d3N DE LA SIGUIENTE DECLARACI\u00d3N DE ACCESIBILIDAD<\/h3>\r\nEl m\u00e9todo empleado para preparar la declaraci\u00f3n ha sido una autoevaluaci\u00f3n llevada a cabo por el responsable del desarrollo web.\r\n<h3>OBSERVACIONES Y DATOS DE CONTACTO<\/h3>\r\nPuede realizar comunicaciones sobre requisitos de accesibilidad (articulo 10.2.a del RD 1112\/2018) como por ejemplo:\r\n\u2022 Informar sobre cualquier posible incumplimiento por parte de este sitio web\r\n\u2022 Transmitir otras dificultades de acceso al contenido\r\n\u2022 Formular cualquier otra consulta o sugerencia de mejora relativa a la accesibilidad del sitio web\r\n\r\nPuede presentar:\r\n\u2022 Queja\u00a0relativa al cumplimiento de los requisitos del RD 1112\/2018 o\r\n\u2022 Solicitud de Informaci\u00f3n accesible\u00a0relativa a:\r\nContenidos\u00a0que est\u00e1n\u00a0excluidos\u00a0del\u00a0\u00e1mbito de aplicaci\u00f3n\u00a0del RD 1112\/2018 seg\u00fan lo establecido por el art\u00edculo 3, apartado 4\r\nContenidos\u00a0que est\u00e1n\u00a0exentos\u00a0del\u00a0cumplimiento\u00a0de los requisitos de accesibilidad por imponer una\u00a0carga desproporcionada.\r\nEn la Solicitud de informaci\u00f3n accesible, se debe concretar, con toda claridad, los hechos, razones y petici\u00f3n que permitan constatar que se trata de una solicitud razonable y leg\u00edtima.\r\n<h3>PROCEDIMIENTO DE APLICACI\u00d3N<\/h3>\r\nSi una vez realizada una solicitud de informaci\u00f3n accesible o queja, \u00e9sta hubiera sido desestimada, no se estuviera de acuerdo con la decisi\u00f3n adoptada, o la respuesta no cumpliera los requisitos contemplados en el art\u00edculo 12.5, la persona interesada podr\u00e1 iniciar una reclamaci\u00f3n. Igualmente se podr\u00e1 iniciar una reclamaci\u00f3n en el caso de que haya transcurrido el plazo de veinte d\u00edas h\u00e1biles sin haber obtenido respuesta.\r\nLa reclamaci\u00f3n puede ser presentada trav\u00e9s de la Instancia Gen\u00e9rica de la Sede electr\u00f3nica del Ministerio de Asuntos Econ\u00f3micos y Transformaci\u00f3n Digital , as\u00ed como en el resto de opciones recogidas en la Ley 39\/ 2015, de 1 de octubre, del Procedimiento Administrativo Com\u00fan de las Administraciones P\u00fablicas. \u00a0Las reclamaciones ser\u00e1n recibidas y tratadas por la Subdirecci\u00f3n General de Inspecci\u00f3n de Servicios del Ministerio.\r\n<h3>CONTENIDO OPCIONAL<\/h3>\r\nEste portal esta dise\u00f1ado para poder cambiar el tama\u00f1o del texto y el color, as\u00ed\u00a0como el fondo de la pagina mediante las opciones de configuraci\u00f3n est\u00e1ndar de los navegadores.\r\nSi desea cambiar el tama\u00f1o de letra del texto en los principales navegadores gr\u00e1ficos utilice los siguientes men\u00fas:\r\n\u2022 Internet Explorer, Mozilla y Firefox: Ver > Tama\u00f1o del texto\r\n\u2022 Opera: Ver > Zoom\r\n\u2022 Safari: Ver > Hacer el texto mas grande\r\n\u2022 Chrome: Controla la pagina actual > Tama\u00f1o del texto\r\n\u2022 Para modificar el tama\u00f1o de todo en la pagina:\r\n\u2022 Ctrl + + para aumentarlo\r\n\u2022 Ctrl + \u2013 para disminuirlo\r\n\u2022 Ctrl + 0 restaura el tama\u00f1o original del texto\r\n\u2022 Si lo que quiere es anular la hoja de estilos o modificar el color del texto, puede consultar la pagina\u00a0How to Change Text Size or Colors\u00a0de la WAI, que se puede leer traducida al espa\u00f1ol en \u00bfC\u00f3mo cambiar el tama\u00f1o del texto o colores?","_et_gb_content_width":"","footnotes":""},"class_list":["post-735","page","type-page","status-publish","hentry"],"yoast_head":"<!-- This site is optimized with the Yoast SEO plugin v27.4 - https:\/\/yoast.com\/product\/yoast-seo-wordpress\/ -->\n<title>Accesibilidade - balandra<\/title>\n<meta name=\"robots\" content=\"index, follow, max-snippet:-1, max-image-preview:large, max-video-preview:-1\" \/>\n<link rel=\"canonical\" href=\"https:\/\/balandraestudio.com\/gl\/accesibilidade\/\" \/>\n<meta property=\"og:locale\" content=\"gl_ES\" \/>\n<meta property=\"og:type\" content=\"article\" \/>\n<meta property=\"og:title\" content=\"Accesibilidade - balandra\" \/>\n<meta property=\"og:description\" content=\"Accesibilidade O noso compromiso \u00e9 facer accesible esta web, de acordo co Real Decreto 1112\/2018, do 7 de setembro, de accesibilidade de sitios web e aplicaci\u00f3ns para dispositivos m\u00f3biles do sector p\u00fablico. SITUACI\u00d3N DE CUMPRIMENTO Esta web cumpre parcialmente co RD 1112\/2018 polas excepci\u00f3ns e faltas de conformidade dos aspectos sinalados no punto seguinte. CONTIDO [&hellip;]\" \/>\n<meta property=\"og:url\" content=\"https:\/\/balandraestudio.com\/gl\/accesibilidade\/\" \/>\n<meta property=\"og:site_name\" content=\"balandra\" \/>\n<meta property=\"article:modified_time\" content=\"2024-01-29T10:24:33+00:00\" \/>\n<meta name=\"twitter:card\" content=\"summary_large_image\" \/>\n<meta name=\"twitter:label1\" content=\"Tempo de lectura\" \/>\n\t<meta name=\"twitter:data1\" content=\"4 minutos\" \/>\n<script type=\"application\/ld+json\" class=\"yoast-schema-graph\">{\"@context\":\"https:\\\/\\\/schema.org\",\"@graph\":[{\"@type\":\"WebPage\",\"@id\":\"https:\\\/\\\/balandraestudio.com\\\/gl\\\/accesibilidade\\\/\",\"url\":\"https:\\\/\\\/balandraestudio.com\\\/gl\\\/accesibilidade\\\/\",\"name\":\"Accesibilidade - balandra\",\"isPartOf\":{\"@id\":\"https:\\\/\\\/balandraestudio.com\\\/gl\\\/#website\"},\"datePublished\":\"2023-11-17T10:00:43+00:00\",\"dateModified\":\"2024-01-29T10:24:33+00:00\",\"breadcrumb\":{\"@id\":\"https:\\\/\\\/balandraestudio.com\\\/gl\\\/accesibilidade\\\/#breadcrumb\"},\"inLanguage\":\"gl-ES\",\"potentialAction\":[{\"@type\":\"ReadAction\",\"target\":[\"https:\\\/\\\/balandraestudio.com\\\/gl\\\/accesibilidade\\\/\"]}]},{\"@type\":\"BreadcrumbList\",\"@id\":\"https:\\\/\\\/balandraestudio.com\\\/gl\\\/accesibilidade\\\/#breadcrumb\",\"itemListElement\":[{\"@type\":\"ListItem\",\"position\":1,\"name\":\"Portada\",\"item\":\"https:\\\/\\\/balandraestudio.com\\\/gl\\\/\"},{\"@type\":\"ListItem\",\"position\":2,\"name\":\"Accesibilidade\"}]},{\"@type\":\"WebSite\",\"@id\":\"https:\\\/\\\/balandraestudio.com\\\/gl\\\/#website\",\"url\":\"https:\\\/\\\/balandraestudio.com\\\/gl\\\/\",\"name\":\"balandra\",\"description\":\"dise\u00f1o valiente\",\"potentialAction\":[{\"@type\":\"SearchAction\",\"target\":{\"@type\":\"EntryPoint\",\"urlTemplate\":\"https:\\\/\\\/balandraestudio.com\\\/gl\\\/?s={search_term_string}\"},\"query-input\":{\"@type\":\"PropertyValueSpecification\",\"valueRequired\":true,\"valueName\":\"search_term_string\"}}],\"inLanguage\":\"gl-ES\"}]}<\/script>\n<!-- \/ Yoast SEO plugin. -->","yoast_head_json":{"title":"Accesibilidade - balandra","robots":{"index":"index","follow":"follow","max-snippet":"max-snippet:-1","max-image-preview":"max-image-preview:large","max-video-preview":"max-video-preview:-1"},"canonical":"https:\/\/balandraestudio.com\/gl\/accesibilidade\/","og_locale":"gl_ES","og_type":"article","og_title":"Accesibilidade - balandra","og_description":"Accesibilidade O noso compromiso \u00e9 facer accesible esta web, de acordo co Real Decreto 1112\/2018, do 7 de setembro, de accesibilidade de sitios web e aplicaci\u00f3ns para dispositivos m\u00f3biles do sector p\u00fablico. SITUACI\u00d3N DE CUMPRIMENTO Esta web cumpre parcialmente co RD 1112\/2018 polas excepci\u00f3ns e faltas de conformidade dos aspectos sinalados no punto seguinte. CONTIDO [&hellip;]","og_url":"https:\/\/balandraestudio.com\/gl\/accesibilidade\/","og_site_name":"balandra","article_modified_time":"2024-01-29T10:24:33+00:00","twitter_card":"summary_large_image","twitter_misc":{"Tempo de lectura":"4 minutos"},"schema":{"@context":"https:\/\/schema.org","@graph":[{"@type":"WebPage","@id":"https:\/\/balandraestudio.com\/gl\/accesibilidade\/","url":"https:\/\/balandraestudio.com\/gl\/accesibilidade\/","name":"Accesibilidade - balandra","isPartOf":{"@id":"https:\/\/balandraestudio.com\/gl\/#website"},"datePublished":"2023-11-17T10:00:43+00:00","dateModified":"2024-01-29T10:24:33+00:00","breadcrumb":{"@id":"https:\/\/balandraestudio.com\/gl\/accesibilidade\/#breadcrumb"},"inLanguage":"gl-ES","potentialAction":[{"@type":"ReadAction","target":["https:\/\/balandraestudio.com\/gl\/accesibilidade\/"]}]},{"@type":"BreadcrumbList","@id":"https:\/\/balandraestudio.com\/gl\/accesibilidade\/#breadcrumb","itemListElement":[{"@type":"ListItem","position":1,"name":"Portada","item":"https:\/\/balandraestudio.com\/gl\/"},{"@type":"ListItem","position":2,"name":"Accesibilidade"}]},{"@type":"WebSite","@id":"https:\/\/balandraestudio.com\/gl\/#website","url":"https:\/\/balandraestudio.com\/gl\/","name":"balandra","description":"dise\u00f1o valiente","potentialAction":[{"@type":"SearchAction","target":{"@type":"EntryPoint","urlTemplate":"https:\/\/balandraestudio.com\/gl\/?s={search_term_string}"},"query-input":{"@type":"PropertyValueSpecification","valueRequired":true,"valueName":"search_term_string"}}],"inLanguage":"gl-ES"}]}},"_links":{"self":[{"href":"https:\/\/balandraestudio.com\/gl\/wp-json\/wp\/v2\/pages\/735","targetHints":{"allow":["GET"]}}],"collection":[{"href":"https:\/\/balandraestudio.com\/gl\/wp-json\/wp\/v2\/pages"}],"about":[{"href":"https:\/\/balandraestudio.com\/gl\/wp-json\/wp\/v2\/types\/page"}],"author":[{"embeddable":true,"href":"https:\/\/balandraestudio.com\/gl\/wp-json\/wp\/v2\/users\/1"}],"replies":[{"embeddable":true,"href":"https:\/\/balandraestudio.com\/gl\/wp-json\/wp\/v2\/comments?post=735"}],"version-history":[{"count":0,"href":"https:\/\/balandraestudio.com\/gl\/wp-json\/wp\/v2\/pages\/735\/revisions"}],"wp:attachment":[{"href":"https:\/\/balandraestudio.com\/gl\/wp-json\/wp\/v2\/media?parent=735"}],"curies":[{"name":"wp","href":"https:\/\/api.w.org\/{rel}","templated":true}]}}